{"id":10203,"date":"2022-02-27T19:23:54","date_gmt":"2022-02-27T18:23:54","guid":{"rendered":"https:\/\/ultramare.com\/produkt\/depoussiereur-5-rouge\/"},"modified":"2026-03-05T12:40:24","modified_gmt":"2026-03-05T11:40:24","slug":"depoussiereur-5-rouge","status":"publish","type":"product","link":"https:\/\/ultramare.com\/fr\/produit\/depoussiereur-5-rouge\/","title":{"rendered":"D\u00c9POUSSI\u00c9REUR 5&Prime; ROUGE"},"content":{"rendered":"<div class=\"elementor-icon-box-wrapper\">\n<div class=\"elementor-icon-box-icon\" style=\"float: left;\"><a class=\"elementor-icon elementor-animation-\" href=\"https:\/\/ultramare.com\/wp-content\/uploads\/2026\/03\/DUSTCOLLECTOR5RED-FR.pdf\n\" rel=\"noopener\"><br \/>\n<img decoding=\"async\" src=\"\/wp-content\/uploads\/2022\/06\/card-icon.png\" alt=\"carte\"><br \/>\n<\/a><\/div>\n<div class=\"elementor-icon-box-content\" style=\"float: left;\">\n<h3 class=\"elementor-icon-box-title\" style=\"margin-left: 20px; margin-top: 10px;\"><a style=\"color: #0071ce; font-size: 20px;\" href=\"https:\/\/ultramare.com\/wp-content\/uploads\/2026\/03\/DUSTCOLLECTOR5RED-FR.pdf\" rel=\"noopener\"><br \/>\nVoir la fiche produit<br \/>\n<\/a><\/h3>\n<\/div>\n<\/div>\n","protected":false},"excerpt":{"rendered":"<div class=\"wrap mcb-wrap two-third valign-top clearfix\">\n<div class=\"mcb-wrap-inner\">\n<div class=\"column mcb-column three-fifth column_visual \">\n<ul>\n<li>100 % de fibres de verre \u00e9l\u00e9mentaires \u00e0 densit\u00e9 progressivement croissante et c\u00f4t\u00e9 sortie d&rsquo;air stratifi\u00e9<\/li>\n<li>le non-tiss\u00e9 est impr\u00e9gn\u00e9 d&rsquo;un agent sp\u00e9cial qui augmente sa capacit\u00e9 \u00e0 absorber les particules de poussi\u00e8re s\u00e8che et de pollen<\/li>\n<li>a une tr\u00e8s grande capacit\u00e9 de r\u00e9tention et de stockage des polluants atmosph\u00e9riques et des propri\u00e9t\u00e9s de coalescence<\/li>\n<\/ul>\n<\/div>\n<\/div>\n<\/div>\n<div class=\"wrap mcb-wrap one-third valign-top clearfix\">\n<div class=\"mcb-wrap-inner\"><\/div>\n<\/div>\n","protected":false},"featured_media":9803,"comment_status":"open","ping_status":"closed","template":"","meta":[],"product_brand":[],"product_cat":[337,343,342,340,338,376,387,420,363,369],"product_tag":[],"class_list":{"0":"post-10203","1":"product","2":"type-product","3":"status-publish","4":"has-post-thumbnail","6":"product_cat-electronique","7":"product_cat-industriel","8":"product_cat-automobile","9":"product_cat-peinture","10":"product_cat-restauration","11":"product_cat-tissus-de-filtration-en-verre-3","12":"product_cat-tissus-de-filtration-en-verre-4","13":"product_cat-tissus-de-filtration-en-verre-5","14":"product_cat-tissus-de-filtration-en-verre","15":"product_cat-tissus-de-filtration-en-verre-2","16":"entry","18":"first","19":"instock","20":"shipping-taxable","21":"product-type-simple"},"_links":{"self":[{"href":"https:\/\/ultramare.com\/fr\/wp-json\/wp\/v2\/product\/10203","targetHints":{"allow":["GET"]}}],"collection":[{"href":"https:\/\/ultramare.com\/fr\/wp-json\/wp\/v2\/product"}],"about":[{"href":"https:\/\/ultramare.com\/fr\/wp-json\/wp\/v2\/types\/product"}],"replies":[{"embeddable":true,"href":"https:\/\/ultramare.com\/fr\/wp-json\/wp\/v2\/comments?post=10203"}],"version-history":[{"count":1,"href":"https:\/\/ultramare.com\/fr\/wp-json\/wp\/v2\/product\/10203\/revisions"}],"predecessor-version":[{"id":10589,"href":"https:\/\/ultramare.com\/fr\/wp-json\/wp\/v2\/product\/10203\/revisions\/10589"}],"wp:featuredmedia":[{"embeddable":true,"href":"https:\/\/ultramare.com\/fr\/wp-json\/wp\/v2\/media\/9803"}],"wp:attachment":[{"href":"https:\/\/ultramare.com\/fr\/wp-json\/wp\/v2\/media?parent=10203"}],"wp:term":[{"taxonomy":"product_brand","embeddable":true,"href":"https:\/\/ultramare.com\/fr\/wp-json\/wp\/v2\/product_brand?post=10203"},{"taxonomy":"product_cat","embeddable":true,"href":"https:\/\/ultramare.com\/fr\/wp-json\/wp\/v2\/product_cat?post=10203"},{"taxonomy":"product_tag","embeddable":true,"href":"https:\/\/ultramare.com\/fr\/wp-json\/wp\/v2\/product_tag?post=10203"}],"curies":[{"name":"wp","href":"https:\/\/api.w.org\/{rel}","templated":true}]}}