{"id":10199,"date":"2022-02-27T20:05:44","date_gmt":"2022-02-27T19:05:44","guid":{"rendered":"https:\/\/ultramare.com\/produkt\/ultracarb-10koh\/"},"modified":"2026-03-05T14:54:29","modified_gmt":"2026-03-05T13:54:29","slug":"ultracarb-10koh","status":"publish","type":"product","link":"https:\/\/ultramare.com\/fr\/produit\/ultracarb-10koh\/","title":{"rendered":"UltraCarb 10+KOH"},"content":{"rendered":"<div class=\"elementor-icon-box-wrapper\">\n<div style=\"float:left;\" class=\"elementor-icon-box-icon\">\n\t\t<a href=\"https:\/\/ultramare.com\/wp-content\/uploads\/2026\/03\/ULTRACARB10KOH-FR.pdf\" class=\"elementor-icon elementor-animation-\" rel=\"noopener\"><br \/>\n                   <img decoding=\"async\" src=\"\/wp-content\/uploads\/2022\/06\/card-icon.png\" alt=\"carte\"><br \/>\n                <\/a>\n\t        <\/div>\n<div style=\"float:left;\" class=\"elementor-icon-box-content\">\n<h3 style=\"margin-left: 20px; margin-top: 10px\" class=\"elementor-icon-box-title\">\n\t\t    <a style=\"color: #0071ce; font-size:20px;  \" href=\"https:\/\/ultramare.com\/wp-content\/uploads\/2026\/03\/ULTRACARB10KOH-FR.pdf\" rel=\"noopener\"><br \/>\n  Voir la fiche produit<br \/>\n\t             <\/a><br \/>\n\t        <\/h3>\n<\/p><\/div>\n<\/div>\n","protected":false},"excerpt":{"rendered":"<ul>\n<li>UltraCarb 10+KOH est un charbon actif moul\u00e9 impr\u00e9gn\u00e9 de KOH sp\u00e9cialement formul\u00e9 pour \u00e9liminer le H2S, le SO2, les mercaptans et les gaz acides.<\/li>\n<li>Le carbone est utilis\u00e9 pour l&rsquo;adsorption de l&rsquo;acide fluorique.<\/li>\n<\/ul>\n","protected":false},"featured_media":9744,"comment_status":"open","ping_status":"closed","template":"","meta":[],"product_brand":[],"product_cat":[336,337,347,359,348,351,344,357,346,358,339,343,342,341,340,338],"product_tag":[],"class_list":{"0":"post-10199","1":"product","2":"type-product","3":"status-publish","4":"has-post-thumbnail","6":"product_cat-bureau","7":"product_cat-electronique","8":"product_cat-filtres-a-charbon-3","9":"product_cat-filtres-a-charbon-8","10":"product_cat-filtres-a-charbon-4","11":"product_cat-filtres-a-charbon-5","12":"product_cat-filtres-a-charbon","13":"product_cat-filtres-a-charbon-6","14":"product_cat-filtres-a-charbon-2","15":"product_cat-filtres-a-charbon-7","16":"product_cat-hospitaliere","17":"product_cat-industriel","18":"product_cat-automobile","19":"product_cat-medical","20":"product_cat-peinture","21":"product_cat-restauration","22":"entry","24":"first","25":"instock","26":"shipping-taxable","27":"product-type-simple"},"_links":{"self":[{"href":"https:\/\/ultramare.com\/fr\/wp-json\/wp\/v2\/product\/10199","targetHints":{"allow":["GET"]}}],"collection":[{"href":"https:\/\/ultramare.com\/fr\/wp-json\/wp\/v2\/product"}],"about":[{"href":"https:\/\/ultramare.com\/fr\/wp-json\/wp\/v2\/types\/product"}],"replies":[{"embeddable":true,"href":"https:\/\/ultramare.com\/fr\/wp-json\/wp\/v2\/comments?post=10199"}],"version-history":[{"count":1,"href":"https:\/\/ultramare.com\/fr\/wp-json\/wp\/v2\/product\/10199\/revisions"}],"predecessor-version":[{"id":10626,"href":"https:\/\/ultramare.com\/fr\/wp-json\/wp\/v2\/product\/10199\/revisions\/10626"}],"wp:featuredmedia":[{"embeddable":true,"href":"https:\/\/ultramare.com\/fr\/wp-json\/wp\/v2\/media\/9744"}],"wp:attachment":[{"href":"https:\/\/ultramare.com\/fr\/wp-json\/wp\/v2\/media?parent=10199"}],"wp:term":[{"taxonomy":"product_brand","embeddable":true,"href":"https:\/\/ultramare.com\/fr\/wp-json\/wp\/v2\/product_brand?post=10199"},{"taxonomy":"product_cat","embeddable":true,"href":"https:\/\/ultramare.com\/fr\/wp-json\/wp\/v2\/product_cat?post=10199"},{"taxonomy":"product_tag","embeddable":true,"href":"https:\/\/ultramare.com\/fr\/wp-json\/wp\/v2\/product_tag?post=10199"}],"curies":[{"name":"wp","href":"https:\/\/api.w.org\/{rel}","templated":true}]}}