{"id":10194,"date":"2022-02-27T20:06:34","date_gmt":"2022-02-27T19:06:34","guid":{"rendered":"https:\/\/ultramare.com\/produkt\/ultrasorb-vmet\/"},"modified":"2026-03-09T14:54:39","modified_gmt":"2026-03-09T13:54:39","slug":"ultrasorb-vmet","status":"publish","type":"product","link":"https:\/\/ultramare.com\/fr\/produit\/ultrasorb-vmet\/","title":{"rendered":"UltraSorb VMet"},"content":{"rendered":"<div class=\"elementor-icon-box-wrapper\">\n<div style=\"float:left;\" class=\"elementor-icon-box-icon\">\n\t\t<a href=\"https:\/\/ultramare.com\/wp-content\/uploads\/2026\/03\/ULTRASORBVMET-FR.pdf\" class=\"elementor-icon elementor-animation-\" rel=\"noopener\"><br \/>\n                   <img decoding=\"async\" src=\"\/wp-content\/uploads\/2022\/06\/card-icon.png\" alt=\"carte\"><br \/>\n                <\/a>\n\t        <\/div>\n<div style=\"float:left;\" class=\"elementor-icon-box-content\">\n<h3 style=\"margin-left: 20px; margin-top: 10px\" class=\"elementor-icon-box-title\">\n\t\t    <a style=\"color: #0071ce; font-size:20px;  \" href=\"https:\/\/ultramare.com\/wp-content\/uploads\/2026\/03\/ULTRASORBVMET-FR.pdf\" rel=\"noopener\"><br \/>\n  Voir la fiche produit<br \/>\n\t             <\/a><br \/>\n\t        <\/h3>\n<\/p><\/div>\n<\/div>\n","protected":false},"excerpt":{"rendered":"<ul>\n<li>encapsul\u00e9 dans des cassettes en acier galvanis\u00e9 ou en acier inoxydable charbon actif granul\u00e9 de haute qualit\u00e9<\/li>\n<li>Diam\u00e8tre des granul\u00e9s jusqu&rsquo;\u00e0 4 mm<\/li>\n<li>cassettes de charbon actif dispos\u00e9es en V pour un d\u00e9bit maximal<\/li>\n<\/ul>\n","protected":false},"featured_media":9725,"comment_status":"open","ping_status":"closed","template":"","meta":[],"product_brand":[],"product_cat":[336,337,357,346,358,347,359,348,351,344,339,343,342,341,340,338],"product_tag":[],"class_list":{"0":"post-10194","1":"product","2":"type-product","3":"status-publish","4":"has-post-thumbnail","6":"product_cat-bureau","7":"product_cat-electronique","8":"product_cat-filtres-a-charbon-6","9":"product_cat-filtres-a-charbon-2","10":"product_cat-filtres-a-charbon-7","11":"product_cat-filtres-a-charbon-3","12":"product_cat-filtres-a-charbon-8","13":"product_cat-filtres-a-charbon-4","14":"product_cat-filtres-a-charbon-5","15":"product_cat-filtres-a-charbon","16":"product_cat-hospitaliere","17":"product_cat-industriel","18":"product_cat-automobile","19":"product_cat-medical","20":"product_cat-peinture","21":"product_cat-restauration","22":"entry","24":"first","25":"instock","26":"shipping-taxable","27":"product-type-simple"},"_links":{"self":[{"href":"https:\/\/ultramare.com\/fr\/wp-json\/wp\/v2\/product\/10194","targetHints":{"allow":["GET"]}}],"collection":[{"href":"https:\/\/ultramare.com\/fr\/wp-json\/wp\/v2\/product"}],"about":[{"href":"https:\/\/ultramare.com\/fr\/wp-json\/wp\/v2\/types\/product"}],"replies":[{"embeddable":true,"href":"https:\/\/ultramare.com\/fr\/wp-json\/wp\/v2\/comments?post=10194"}],"version-history":[{"count":1,"href":"https:\/\/ultramare.com\/fr\/wp-json\/wp\/v2\/product\/10194\/revisions"}],"predecessor-version":[{"id":10663,"href":"https:\/\/ultramare.com\/fr\/wp-json\/wp\/v2\/product\/10194\/revisions\/10663"}],"wp:featuredmedia":[{"embeddable":true,"href":"https:\/\/ultramare.com\/fr\/wp-json\/wp\/v2\/media\/9725"}],"wp:attachment":[{"href":"https:\/\/ultramare.com\/fr\/wp-json\/wp\/v2\/media?parent=10194"}],"wp:term":[{"taxonomy":"product_brand","embeddable":true,"href":"https:\/\/ultramare.com\/fr\/wp-json\/wp\/v2\/product_brand?post=10194"},{"taxonomy":"product_cat","embeddable":true,"href":"https:\/\/ultramare.com\/fr\/wp-json\/wp\/v2\/product_cat?post=10194"},{"taxonomy":"product_tag","embeddable":true,"href":"https:\/\/ultramare.com\/fr\/wp-json\/wp\/v2\/product_tag?post=10194"}],"curies":[{"name":"wp","href":"https:\/\/api.w.org\/{rel}","templated":true}]}}