{"id":10185,"date":"2022-02-27T19:19:03","date_gmt":"2022-02-27T18:19:03","guid":{"rendered":"https:\/\/ultramare.com\/produkt\/collecteur-hydropaint-3\/"},"modified":"2026-03-05T12:54:04","modified_gmt":"2026-03-05T11:54:04","slug":"collecteur-hydropaint-3","status":"publish","type":"product","link":"https:\/\/ultramare.com\/fr\/produit\/collecteur-hydropaint-3\/","title":{"rendered":"COLLECTEUR HYDROPAINT 3&Prime;"},"content":{"rendered":"<div class=\"elementor-icon-box-wrapper\">\n<div style=\"float:left;\" class=\"elementor-icon-box-icon\">\n\t\t<a href=\"https:\/\/ultramare.com\/wp-content\/uploads\/2026\/03\/HYDROPAINTCOLLECTOR3-FR.pdf\" class=\"elementor-icon elementor-animation-\" rel=\"noopener\"><br \/>\n                   <img decoding=\"async\" src=\"\/wp-content\/uploads\/2022\/06\/card-icon.png\" alt=\"carte\"><br \/>\n                <\/a>\n\t        <\/div>\n<div style=\"float:left;\" class=\"elementor-icon-box-content\">\n<h3 style=\"margin-left: 20px; margin-top: 10px\" class=\"elementor-icon-box-title\">\n\t\t    <a style=\"color: #0071ce; font-size:20px;  \" href=\"https:\/\/ultramare.com\/wp-content\/uploads\/2026\/03\/HYDROPAINTCOLLECTOR3-FR.pdf\" rel=\"noopener\"><br \/>\n  Voir la fiche produit<br \/>\n\t             <\/a><br \/>\n\t        <\/h3>\n<\/p><\/div>\n<\/div>\n","protected":false},"excerpt":{"rendered":"<ul>\n<li>technologie bas\u00e9e sur la liaison thermique de fibres de verre pures, homog\u00e8nes et durables<\/li>\n<li>progressivement constitu\u00e9, recouvert d&rsquo;une substance visqueuse qui am\u00e9liore la capacit\u00e9 \u00e0 retenir et \u00e0 stocker les particules de vernis et de peinture \u00e0 l&rsquo;eau en suspension dans l&rsquo;air<\/li>\n<li>tr\u00e8s grande durabilit\u00e9 et efficacit\u00e9 pour retenir et stocker toutes les particules de peinture et de laque pulv\u00e9ris\u00e9es tout en maintenant une tr\u00e8s faible r\u00e9sistance \u00e0 l&rsquo;\u00e9coulement, ce qui fait de ce filtre une solution extr\u00eamement \u00e9conomique (faibles co\u00fbts d&rsquo;exploitation, longs intervalles entre les changements de non-tiss\u00e9)<\/li>\n<\/ul>\n","protected":false},"featured_media":9799,"comment_status":"open","ping_status":"closed","template":"","meta":[],"product_brand":[],"product_cat":[337,343,342,340,338,376,387,420,363,369],"product_tag":[],"class_list":{"0":"post-10185","1":"product","2":"type-product","3":"status-publish","4":"has-post-thumbnail","6":"product_cat-electronique","7":"product_cat-industriel","8":"product_cat-automobile","9":"product_cat-peinture","10":"product_cat-restauration","11":"product_cat-tissus-de-filtration-en-verre-3","12":"product_cat-tissus-de-filtration-en-verre-4","13":"product_cat-tissus-de-filtration-en-verre-5","14":"product_cat-tissus-de-filtration-en-verre","15":"product_cat-tissus-de-filtration-en-verre-2","16":"entry","18":"first","19":"instock","20":"shipping-taxable","21":"product-type-simple"},"_links":{"self":[{"href":"https:\/\/ultramare.com\/fr\/wp-json\/wp\/v2\/product\/10185","targetHints":{"allow":["GET"]}}],"collection":[{"href":"https:\/\/ultramare.com\/fr\/wp-json\/wp\/v2\/product"}],"about":[{"href":"https:\/\/ultramare.com\/fr\/wp-json\/wp\/v2\/types\/product"}],"replies":[{"embeddable":true,"href":"https:\/\/ultramare.com\/fr\/wp-json\/wp\/v2\/comments?post=10185"}],"version-history":[{"count":1,"href":"https:\/\/ultramare.com\/fr\/wp-json\/wp\/v2\/product\/10185\/revisions"}],"predecessor-version":[{"id":10597,"href":"https:\/\/ultramare.com\/fr\/wp-json\/wp\/v2\/product\/10185\/revisions\/10597"}],"wp:featuredmedia":[{"embeddable":true,"href":"https:\/\/ultramare.com\/fr\/wp-json\/wp\/v2\/media\/9799"}],"wp:attachment":[{"href":"https:\/\/ultramare.com\/fr\/wp-json\/wp\/v2\/media?parent=10185"}],"wp:term":[{"taxonomy":"product_brand","embeddable":true,"href":"https:\/\/ultramare.com\/fr\/wp-json\/wp\/v2\/product_brand?post=10185"},{"taxonomy":"product_cat","embeddable":true,"href":"https:\/\/ultramare.com\/fr\/wp-json\/wp\/v2\/product_cat?post=10185"},{"taxonomy":"product_tag","embeddable":true,"href":"https:\/\/ultramare.com\/fr\/wp-json\/wp\/v2\/product_tag?post=10185"}],"curies":[{"name":"wp","href":"https:\/\/api.w.org\/{rel}","templated":true}]}}