{"id":10181,"date":"2022-02-27T19:31:20","date_gmt":"2022-02-27T18:31:20","guid":{"rendered":"https:\/\/ultramare.com\/produkt\/stop-aux-poussieres-1\/"},"modified":"2026-03-05T12:40:56","modified_gmt":"2026-03-05T11:40:56","slug":"stop-aux-poussieres-1","status":"publish","type":"product","link":"https:\/\/ultramare.com\/fr\/produit\/stop-aux-poussieres-1\/","title":{"rendered":"STOP AUX POUSSI\u00c8RES 1&Prime;"},"content":{"rendered":"<div class=\"elementor-icon-box-wrapper\">\n<div style=\"float:left;\" class=\"elementor-icon-box-icon\">\n\t\t<a href=\"https:\/\/ultramare.com\/wp-content\/uploads\/2026\/03\/DUSTSTOP1-FR.pdf\" class=\"elementor-icon elementor-animation-\" rel=\"noopener\"><br \/>\n                   <img decoding=\"async\" src=\"\/wp-content\/uploads\/2022\/06\/card-icon.png\" alt=\"carte\"><br \/>\n                <\/a>\n\t        <\/div>\n<div style=\"float:left;\" class=\"elementor-icon-box-content\">\n<h3 style=\"margin-left: 20px; margin-top: 10px\" class=\"elementor-icon-box-title\">\n\t\t    <a style=\"color: #0071ce; font-size:20px;  \" href=\"https:\/\/ultramare.com\/wp-content\/uploads\/2026\/03\/DUSTSTOP1-FR.pdf\" rel=\"noopener\"><br \/>\n  Voir la fiche produit<br \/>\n\t             <\/a><br \/>\n\t        <\/h3>\n<\/p><\/div>\n<\/div>\n","protected":false},"excerpt":{"rendered":"<ul>\n<li>100 % de fibres de verre \u00e9l\u00e9mentaires \u00e0 densit\u00e9 progressivement croissante et c\u00f4t\u00e9 sortie d&rsquo;air stratifi\u00e9<\/li>\n<li>Le non-tiss\u00e9 est impr\u00e9gn\u00e9 d&rsquo;un agent sp\u00e9cial qui augmente sa capacit\u00e9 \u00e0 absorber les poussi\u00e8res s\u00e8ches et les particules de pollen.<\/li>\n<li>a une tr\u00e8s grande capacit\u00e9 de r\u00e9tention et de stockage des polluants atmosph\u00e9riques<\/li>\n<\/ul>\n","protected":false},"featured_media":9753,"comment_status":"open","ping_status":"closed","template":"","meta":[],"product_brand":[],"product_cat":[337,343,342,340,338,376,387,420,363,369],"product_tag":[],"class_list":{"0":"post-10181","1":"product","2":"type-product","3":"status-publish","4":"has-post-thumbnail","6":"product_cat-electronique","7":"product_cat-industriel","8":"product_cat-automobile","9":"product_cat-peinture","10":"product_cat-restauration","11":"product_cat-tissus-de-filtration-en-verre-3","12":"product_cat-tissus-de-filtration-en-verre-4","13":"product_cat-tissus-de-filtration-en-verre-5","14":"product_cat-tissus-de-filtration-en-verre","15":"product_cat-tissus-de-filtration-en-verre-2","16":"entry","18":"first","19":"instock","20":"shipping-taxable","21":"product-type-simple"},"_links":{"self":[{"href":"https:\/\/ultramare.com\/fr\/wp-json\/wp\/v2\/product\/10181","targetHints":{"allow":["GET"]}}],"collection":[{"href":"https:\/\/ultramare.com\/fr\/wp-json\/wp\/v2\/product"}],"about":[{"href":"https:\/\/ultramare.com\/fr\/wp-json\/wp\/v2\/types\/product"}],"replies":[{"embeddable":true,"href":"https:\/\/ultramare.com\/fr\/wp-json\/wp\/v2\/comments?post=10181"}],"version-history":[{"count":1,"href":"https:\/\/ultramare.com\/fr\/wp-json\/wp\/v2\/product\/10181\/revisions"}],"predecessor-version":[{"id":10590,"href":"https:\/\/ultramare.com\/fr\/wp-json\/wp\/v2\/product\/10181\/revisions\/10590"}],"wp:featuredmedia":[{"embeddable":true,"href":"https:\/\/ultramare.com\/fr\/wp-json\/wp\/v2\/media\/9753"}],"wp:attachment":[{"href":"https:\/\/ultramare.com\/fr\/wp-json\/wp\/v2\/media?parent=10181"}],"wp:term":[{"taxonomy":"product_brand","embeddable":true,"href":"https:\/\/ultramare.com\/fr\/wp-json\/wp\/v2\/product_brand?post=10181"},{"taxonomy":"product_cat","embeddable":true,"href":"https:\/\/ultramare.com\/fr\/wp-json\/wp\/v2\/product_cat?post=10181"},{"taxonomy":"product_tag","embeddable":true,"href":"https:\/\/ultramare.com\/fr\/wp-json\/wp\/v2\/product_tag?post=10181"}],"curies":[{"name":"wp","href":"https:\/\/api.w.org\/{rel}","templated":true}]}}