{"id":10180,"date":"2022-02-17T22:34:20","date_gmt":"2022-02-17T21:34:20","guid":{"rendered":"https:\/\/ultramare.com\/produkt\/ultrakomp-v440\/"},"modified":"2026-03-09T14:11:24","modified_gmt":"2026-03-09T13:11:24","slug":"ultrakomp-v440","status":"publish","type":"product","link":"https:\/\/ultramare.com\/fr\/produit\/ultrakomp-v440\/","title":{"rendered":"UltraKomp V440"},"content":{"rendered":"<div class=\"elementor-icon-box-wrapper\">\n<div class=\"elementor-icon-box-icon\" style=\"float: left;\"><a class=\"elementor-icon elementor-animation-\" href=\"https:\/\/ultramare.com\/wp-content\/uploads\/2026\/03\/ULTRAKOMPV440-FR.pdf\" rel=\"noopener\"><br \/>\n<img decoding=\"async\" src=\"\/wp-content\/uploads\/2022\/06\/card-icon.png\" alt=\"carte\" \/><br \/>\n<\/a><\/div>\n<div class=\"elementor-icon-box-content\" style=\"float: left;\">\n<h3 class=\"elementor-icon-box-title\" style=\"margin-left: 20px; margin-top: 10px;\"><a style=\"color: #0071ce; font-size: 20px;\" href=\"https:\/\/ultramare.com\/wp-content\/uploads\/2026\/03\/ULTRAKOMPV440-FR.pdf\" rel=\"noopener\"><br \/>\nVoir la fiche produit<br \/>\n<\/a><\/h3>\n<\/div>\n<\/div>\n","protected":false},"excerpt":{"rendered":"<ul>\n<li>fibre de verre m\u00e9lang\u00e9e \u00e0 des fibres synth\u00e9tiques<\/li>\n<li>mat\u00e9riau filtrant reli\u00e9 \u00e0 l&rsquo;enveloppe par un coulis profond<\/li>\n<li>prot\u00e9g\u00e9 par des filets sur la sortie d&rsquo;air<\/li>\n<\/ul>\n","protected":false},"featured_media":9768,"comment_status":"open","ping_status":"closed","template":"","meta":[],"product_brand":[],"product_cat":[336,337,367,442,371,444,419,421,430,339,343,342,341,340],"product_tag":[],"class_list":{"0":"post-10180","1":"product","2":"type-product","3":"status-publish","4":"has-post-thumbnail","6":"product_cat-bureau","7":"product_cat-electronique","8":"product_cat-filtres-compacts","9":"product_cat-filtres-compacts-2","11":"product_cat-filtres-compacts-p","12":"product_cat-filtres-compacts-3","13":"product_cat-filtres-compacts-4","15":"product_cat-hospitaliere","16":"product_cat-industriel","17":"product_cat-automobile","18":"product_cat-medical","19":"product_cat-peinture","20":"entry","22":"first","23":"instock","24":"shipping-taxable","25":"product-type-simple"},"_links":{"self":[{"href":"https:\/\/ultramare.com\/fr\/wp-json\/wp\/v2\/product\/10180","targetHints":{"allow":["GET"]}}],"collection":[{"href":"https:\/\/ultramare.com\/fr\/wp-json\/wp\/v2\/product"}],"about":[{"href":"https:\/\/ultramare.com\/fr\/wp-json\/wp\/v2\/types\/product"}],"replies":[{"embeddable":true,"href":"https:\/\/ultramare.com\/fr\/wp-json\/wp\/v2\/comments?post=10180"}],"version-history":[{"count":2,"href":"https:\/\/ultramare.com\/fr\/wp-json\/wp\/v2\/product\/10180\/revisions"}],"predecessor-version":[{"id":10646,"href":"https:\/\/ultramare.com\/fr\/wp-json\/wp\/v2\/product\/10180\/revisions\/10646"}],"wp:featuredmedia":[{"embeddable":true,"href":"https:\/\/ultramare.com\/fr\/wp-json\/wp\/v2\/media\/9768"}],"wp:attachment":[{"href":"https:\/\/ultramare.com\/fr\/wp-json\/wp\/v2\/media?parent=10180"}],"wp:term":[{"taxonomy":"product_brand","embeddable":true,"href":"https:\/\/ultramare.com\/fr\/wp-json\/wp\/v2\/product_brand?post=10180"},{"taxonomy":"product_cat","embeddable":true,"href":"https:\/\/ultramare.com\/fr\/wp-json\/wp\/v2\/product_cat?post=10180"},{"taxonomy":"product_tag","embeddable":true,"href":"https:\/\/ultramare.com\/fr\/wp-json\/wp\/v2\/product_tag?post=10180"}],"curies":[{"name":"wp","href":"https:\/\/api.w.org\/{rel}","templated":true}]}}