{"id":10178,"date":"2022-02-17T22:33:10","date_gmt":"2022-02-17T21:33:10","guid":{"rendered":"https:\/\/ultramare.com\/produkt\/ultrakomp-v\/"},"modified":"2026-03-09T14:10:55","modified_gmt":"2026-03-09T13:10:55","slug":"ultrakomp-v","status":"publish","type":"product","link":"https:\/\/ultramare.com\/fr\/produit\/ultrakomp-v\/","title":{"rendered":"UltraKomp V"},"content":{"rendered":"<div class=\"elementor-icon-box-wrapper\">\n<div class=\"elementor-icon-box-icon\" style=\"float: left;\"><a class=\"elementor-icon elementor-animation-\" href=\"https:\/\/ultramare.com\/wp-content\/uploads\/2026\/03\/ULTRAKOMPV-FR.pdf\" rel=\"noopener\"><br \/>\n<img decoding=\"async\" src=\"\/wp-content\/uploads\/2022\/06\/card-icon.png\" alt=\"carte\" \/><br \/>\n<\/a><\/div>\n<div class=\"elementor-icon-box-content\" style=\"float: left;\">\n<h3 class=\"elementor-icon-box-title\" style=\"margin-left: 20px; margin-top: 10px;\"><a style=\"color: #0071ce; font-size: 20px;\" href=\"https:\/\/ultramare.com\/wp-content\/uploads\/2026\/03\/ULTRAKOMPV-FR.pdf\" rel=\"noopener\"><br \/>\nVoir la fiche produit<br \/>\n<\/a><\/h3>\n<\/div>\n<\/div>\n","protected":false},"excerpt":{"rendered":"<ul>\n<li>technologie bas\u00e9e sur un m\u00e9lange de fibres de verre fines et grossi\u00e8res prot\u00e9g\u00e9es du c\u00f4t\u00e9 de la sortie d&rsquo;air par un voile synth\u00e9tique tr\u00e8s r\u00e9sistant<\/li>\n<li>efficacit\u00e9 maximale de l&rsquo;\u00e9puration de l&rsquo;air avec une perte de charge minimale<\/li>\n<li>une capacit\u00e9 de r\u00e9tention de la salet\u00e9 tr\u00e8s \u00e9lev\u00e9e, associ\u00e9e \u00e0 une r\u00e9sistance m\u00e9canique, permet de r\u00e9duire les co\u00fbts d&rsquo;exploitation et d&rsquo;entretien<\/li>\n<\/ul>\n","protected":false},"featured_media":9782,"comment_status":"open","ping_status":"closed","template":"","meta":[],"product_brand":[],"product_cat":[336,337,421,430,367,442,371,444,419,339,343,342,341,340],"product_tag":[],"class_list":{"0":"post-10178","1":"product","2":"type-product","3":"status-publish","4":"has-post-thumbnail","6":"product_cat-bureau","7":"product_cat-electronique","8":"product_cat-filtres-compacts-4","9":"product_cat-filtres-compacts","11":"product_cat-filtres-compacts-2","13":"product_cat-filtres-compacts-p","14":"product_cat-filtres-compacts-3","15":"product_cat-hospitaliere","16":"product_cat-industriel","17":"product_cat-automobile","18":"product_cat-medical","19":"product_cat-peinture","20":"entry","22":"first","23":"instock","24":"shipping-taxable","25":"product-type-simple"},"_links":{"self":[{"href":"https:\/\/ultramare.com\/fr\/wp-json\/wp\/v2\/product\/10178","targetHints":{"allow":["GET"]}}],"collection":[{"href":"https:\/\/ultramare.com\/fr\/wp-json\/wp\/v2\/product"}],"about":[{"href":"https:\/\/ultramare.com\/fr\/wp-json\/wp\/v2\/types\/product"}],"replies":[{"embeddable":true,"href":"https:\/\/ultramare.com\/fr\/wp-json\/wp\/v2\/comments?post=10178"}],"version-history":[{"count":2,"href":"https:\/\/ultramare.com\/fr\/wp-json\/wp\/v2\/product\/10178\/revisions"}],"predecessor-version":[{"id":10645,"href":"https:\/\/ultramare.com\/fr\/wp-json\/wp\/v2\/product\/10178\/revisions\/10645"}],"wp:featuredmedia":[{"embeddable":true,"href":"https:\/\/ultramare.com\/fr\/wp-json\/wp\/v2\/media\/9782"}],"wp:attachment":[{"href":"https:\/\/ultramare.com\/fr\/wp-json\/wp\/v2\/media?parent=10178"}],"wp:term":[{"taxonomy":"product_brand","embeddable":true,"href":"https:\/\/ultramare.com\/fr\/wp-json\/wp\/v2\/product_brand?post=10178"},{"taxonomy":"product_cat","embeddable":true,"href":"https:\/\/ultramare.com\/fr\/wp-json\/wp\/v2\/product_cat?post=10178"},{"taxonomy":"product_tag","embeddable":true,"href":"https:\/\/ultramare.com\/fr\/wp-json\/wp\/v2\/product_tag?post=10178"}],"curies":[{"name":"wp","href":"https:\/\/api.w.org\/{rel}","templated":true}]}}