{"id":10175,"date":"2022-02-17T22:07:18","date_gmt":"2022-02-17T21:07:18","guid":{"rendered":"https:\/\/ultramare.com\/produkt\/ultratec-7\/"},"modified":"2026-03-09T14:59:03","modified_gmt":"2026-03-09T13:59:03","slug":"ultratec-7","status":"publish","type":"product","link":"https:\/\/ultramare.com\/fr\/produit\/ultratec-7\/","title":{"rendered":"UltraTec 7"},"content":{"rendered":"<div class=\"elementor-icon-box-wrapper\">\n<div class=\"elementor-icon-box-icon\" style=\"float: left;\"><a class=\"elementor-icon elementor-animation-\" href=\"https:\/\/ultramare.com\/wp-content\/uploads\/2026\/03\/ULTRATEC7-FR.pdf\" rel=\"noopener\"><br \/>\n<img decoding=\"async\" src=\"\/wp-content\/uploads\/2022\/06\/card-icon.png\" alt=\"carte\"><br \/>\n<\/a><\/div>\n<div class=\"elementor-icon-box-content\" style=\"float: left;\">\n<h3 class=\"elementor-icon-box-title\" style=\"margin-left: 20px; margin-top: 10px;\"><a style=\"color: #0071ce; font-size: 20px;\" href=\"https:\/\/ultramare.com\/wp-content\/uploads\/2026\/03\/ULTRATEC7-FR.pdf\" rel=\"noopener\"><br \/>\nVoir la fiche produit<br \/>\n<\/a><\/h3>\n<\/div>\n<\/div>\n","protected":false},"excerpt":{"rendered":"<ul>\n<li>technologie bas\u00e9e sur un tissu synth\u00e9tique non tiss\u00e9 \u00e0 trois couches, principalement en polypropyl\u00e8ne, avec des microfibres<\/li>\n<li>couche ext\u00e9rieure tr\u00e8s r\u00e9sistante, noyau pour une absorption \u00e9lev\u00e9e de la poussi\u00e8re et fine couche int\u00e9rieure de soutien<\/li>\n<li>l&rsquo;utilisation de microfibres permet d&rsquo;obtenir une faible perte de charge \u00e0 vie et une r\u00e9sistance m\u00e9canique \u00e9lev\u00e9e<\/li>\n<li>efficacit\u00e9 maximale de la purification de l&rsquo;air avec une perte de charge minimale<\/li>\n<li>une capacit\u00e9 de r\u00e9tention de la salet\u00e9 tr\u00e8s \u00e9lev\u00e9e, associ\u00e9e \u00e0 une r\u00e9sistance m\u00e9canique, permet de r\u00e9duire les co\u00fbts d&rsquo;exploitation et d&rsquo;entretien<\/li>\n<\/ul>\n","protected":false},"featured_media":9804,"comment_status":"open","ping_status":"closed","template":"","meta":[],"product_brand":[],"product_cat":[336,374,438,382,440,415,418,431,339,343,342,341,340,338],"product_tag":[],"class_list":{"0":"post-10175","1":"product","2":"type-product","3":"status-publish","4":"has-post-thumbnail","6":"product_cat-bureau","7":"product_cat-filtres-a-poche-synthetiques","8":"product_cat-filtres-a-poche-synthetiques-2","10":"product_cat-filtres-a-poche-synthetiques-3","12":"product_cat-filtres-a-poche-synthetiques-4","14":"product_cat-hospitaliere","15":"product_cat-industriel","16":"product_cat-automobile","17":"product_cat-medical","18":"product_cat-peinture","19":"product_cat-restauration","20":"entry","22":"first","23":"instock","24":"shipping-taxable","25":"product-type-simple"},"_links":{"self":[{"href":"https:\/\/ultramare.com\/fr\/wp-json\/wp\/v2\/product\/10175","targetHints":{"allow":["GET"]}}],"collection":[{"href":"https:\/\/ultramare.com\/fr\/wp-json\/wp\/v2\/product"}],"about":[{"href":"https:\/\/ultramare.com\/fr\/wp-json\/wp\/v2\/types\/product"}],"replies":[{"embeddable":true,"href":"https:\/\/ultramare.com\/fr\/wp-json\/wp\/v2\/comments?post=10175"}],"version-history":[{"count":1,"href":"https:\/\/ultramare.com\/fr\/wp-json\/wp\/v2\/product\/10175\/revisions"}],"predecessor-version":[{"id":10670,"href":"https:\/\/ultramare.com\/fr\/wp-json\/wp\/v2\/product\/10175\/revisions\/10670"}],"wp:featuredmedia":[{"embeddable":true,"href":"https:\/\/ultramare.com\/fr\/wp-json\/wp\/v2\/media\/9804"}],"wp:attachment":[{"href":"https:\/\/ultramare.com\/fr\/wp-json\/wp\/v2\/media?parent=10175"}],"wp:term":[{"taxonomy":"product_brand","embeddable":true,"href":"https:\/\/ultramare.com\/fr\/wp-json\/wp\/v2\/product_brand?post=10175"},{"taxonomy":"product_cat","embeddable":true,"href":"https:\/\/ultramare.com\/fr\/wp-json\/wp\/v2\/product_cat?post=10175"},{"taxonomy":"product_tag","embeddable":true,"href":"https:\/\/ultramare.com\/fr\/wp-json\/wp\/v2\/product_tag?post=10175"}],"curies":[{"name":"wp","href":"https:\/\/api.w.org\/{rel}","templated":true}]}}