{"id":10164,"date":"2022-02-17T20:40:54","date_gmt":"2022-02-17T19:40:54","guid":{"rendered":"https:\/\/ultramare.com\/produkt\/ultrakas-sp\/"},"modified":"2026-03-09T13:38:54","modified_gmt":"2026-03-09T12:38:54","slug":"ultrakas-sp","status":"publish","type":"product","link":"https:\/\/ultramare.com\/fr\/produit\/ultrakas-sp\/","title":{"rendered":"UltraKas SP"},"content":{"rendered":"<div class=\"elementor-icon-box-wrapper\">\n<div class=\"elementor-icon-box-icon\" style=\"float: left;\"><a class=\"elementor-icon elementor-animation-\" href=\"https:\/\/ultramare.com\/wp-content\/uploads\/2026\/03\/ULTRAKASSP-FR.pdf\"\n rel=\"noopener\"><br \/>\n<img decoding=\"async\" src=\"\/wp-content\/uploads\/2022\/06\/card-icon.png\" alt=\"carte\"><br \/>\n<\/a><\/div>\n<div class=\"elementor-icon-box-content\" style=\"float: left;\">\n<h3 class=\"elementor-icon-box-title\" style=\"margin-left: 20px; margin-top: 10px;\"><a style=\"color: #0071ce; font-size: 20px;\" href=\"https:\/\/ultramare.com\/wp-content\/uploads\/2026\/03\/ULTRAKASSP-FR.pdf\" rel=\"noopener\"><br \/>\nVoir la fiche produit<br \/>\n<\/a><\/h3>\n<\/div>\n<\/div>\n","protected":false},"excerpt":{"rendered":"<div class=\"wrap mcb-wrap two-third valign-top clearfix\">\n<div class=\"mcb-wrap-inner\">\n<div class=\"column mcb-column three-fifth column_visual \">\n<div class=\"wrap mcb-wrap two-third valign-top clearfix\">\n<div class=\"mcb-wrap-inner\">\n<div class=\"column mcb-column three-fifth column_visual \">\n<ul>\n<li>maille tr\u00e8s fine maille en plastique encadr\u00e9e de m\u00e9tal et enferm\u00e9e dans un cadre en acier galvanis\u00e9<\/li>\n<\/ul>\n<\/div>\n<\/div>\n<\/div>\n<div class=\"wrap mcb-wrap one-third valign-top clearfix\">\n<div class=\"mcb-wrap-inner\">\n<div class=\"column mcb-column one column_visual \">\n<p>&nbsp;<\/p>\n<div class=\"idea_box\"><\/div>\n<\/div>\n<\/div>\n<\/div>\n<\/div>\n<\/div>\n<\/div>\n<div class=\"wrap mcb-wrap one-third valign-top clearfix\">\n<div class=\"mcb-wrap-inner\">\n<div class=\"column mcb-column one column_visual \">\n<div class=\"idea_box\"><\/div>\n<\/div>\n<\/div>\n<\/div>\n","protected":false},"featured_media":9821,"comment_status":"open","ping_status":"closed","template":"","meta":[],"product_brand":[],"product_cat":[336,337,435,414,416,379,426,381,427,404,339,343,342,341,340,338],"product_tag":[],"class_list":{"0":"post-10164","1":"product","2":"type-product","3":"status-publish","4":"has-post-thumbnail","6":"product_cat-bureau","7":"product_cat-electronique","8":"product_cat-filtres-a-cartouche","9":"product_cat-filtres-a-cartouche-4","10":"product_cat-filtres-a-cartouche-5","12":"product_cat-filtres-a-cartouche-6","13":"product_cat-filtres-a-cartouche-2","14":"product_cat-filtres-a-cartouche-7","15":"product_cat-filtres-a-cartouche-3","16":"product_cat-hospitaliere","17":"product_cat-industriel","18":"product_cat-automobile","19":"product_cat-medical","20":"product_cat-peinture","21":"product_cat-restauration","22":"entry","24":"first","25":"instock","26":"shipping-taxable","27":"product-type-simple"},"_links":{"self":[{"href":"https:\/\/ultramare.com\/fr\/wp-json\/wp\/v2\/product\/10164","targetHints":{"allow":["GET"]}}],"collection":[{"href":"https:\/\/ultramare.com\/fr\/wp-json\/wp\/v2\/product"}],"about":[{"href":"https:\/\/ultramare.com\/fr\/wp-json\/wp\/v2\/types\/product"}],"replies":[{"embeddable":true,"href":"https:\/\/ultramare.com\/fr\/wp-json\/wp\/v2\/comments?post=10164"}],"version-history":[{"count":2,"href":"https:\/\/ultramare.com\/fr\/wp-json\/wp\/v2\/product\/10164\/revisions"}],"predecessor-version":[{"id":10643,"href":"https:\/\/ultramare.com\/fr\/wp-json\/wp\/v2\/product\/10164\/revisions\/10643"}],"wp:featuredmedia":[{"embeddable":true,"href":"https:\/\/ultramare.com\/fr\/wp-json\/wp\/v2\/media\/9821"}],"wp:attachment":[{"href":"https:\/\/ultramare.com\/fr\/wp-json\/wp\/v2\/media?parent=10164"}],"wp:term":[{"taxonomy":"product_brand","embeddable":true,"href":"https:\/\/ultramare.com\/fr\/wp-json\/wp\/v2\/product_brand?post=10164"},{"taxonomy":"product_cat","embeddable":true,"href":"https:\/\/ultramare.com\/fr\/wp-json\/wp\/v2\/product_cat?post=10164"},{"taxonomy":"product_tag","embeddable":true,"href":"https:\/\/ultramare.com\/fr\/wp-json\/wp\/v2\/product_tag?post=10164"}],"curies":[{"name":"wp","href":"https:\/\/api.w.org\/{rel}","templated":true}]}}