{"id":10160,"date":"2022-03-23T23:19:58","date_gmt":"2022-03-23T22:19:58","guid":{"rendered":"https:\/\/ultramare.com\/produkt\/ultracoil\/"},"modified":"2026-03-05T14:55:44","modified_gmt":"2026-03-05T13:55:44","slug":"ultracoil","status":"publish","type":"product","link":"https:\/\/ultramare.com\/fr\/produit\/ultracoil\/","title":{"rendered":"UltraCoil"},"content":{"rendered":"<div class=\"elementor-icon-box-wrapper\">\n<div class=\"elementor-icon-box-icon\" style=\"float: left;\"><a class=\"elementor-icon elementor-animation-\" href=\"https:\/\/ultramare.com\/wp-content\/uploads\/2026\/03\/ULTRACOIL-FR.pdf\" rel=\"noopener\"><br \/>\n<img decoding=\"async\" src=\"\/wp-content\/uploads\/2022\/06\/card-icon.png\" alt=\"carte\"><br \/>\n<\/a><\/div>\n<div class=\"elementor-icon-box-content\" style=\"float: left;\">\n<h3 class=\"elementor-icon-box-title\" style=\"margin-left: 20px; margin-top: 10px;\"><a style=\"color: #0071ce; font-size: 20px;\" href=\"https:\/\/ultramare.com\/wp-content\/uploads\/2026\/03\/ULTRACOIL-FR.pdf\" rel=\"noopener\"><br \/>\nVoir la fiche produit<br \/>\n<\/a><\/h3>\n<\/div>\n<\/div>\n","protected":false},"excerpt":{"rendered":"<div class=\"wrap mcb-wrap two-third valign-top clearfix\">\n<div class=\"mcb-wrap-inner\">\n<div class=\"column mcb-column three-fifth column_visual \">\n<ul>\n<li>tissu filtrant non tiss\u00e9 li\u00e9 \u00e0 du fil d&rsquo;acier galvanis\u00e9<\/li>\n<li>en option : le filtre peut \u00eatre plac\u00e9 sur un fil en acier inoxydable, \u00eatre \u00e9quip\u00e9 d&rsquo;un cadre externe ou \u00eatre courb\u00e9 pour s&rsquo;adapter \u00e0 un bo\u00eetier sp\u00e9cifique<\/li>\n<li>le cadre et le manchon interchangeable peuvent \u00e9galement \u00eatre command\u00e9s<\/li>\n<\/ul>\n<\/div>\n<\/div>\n<\/div>\n","protected":false},"featured_media":9872,"comment_status":"open","ping_status":"closed","template":"","meta":[],"product_brand":[],"product_cat":[336,339,343,388,425,433],"product_tag":[389],"class_list":{"0":"post-10160","1":"product","2":"type-product","3":"status-publish","4":"has-post-thumbnail","6":"product_cat-bureau","7":"product_cat-hospitaliere","8":"product_cat-industriel","9":"product_cat-ventilo-convecteur","10":"product_cat-ventilo-convecteur-2","12":"product_tag-sur-un-fil","13":"entry","15":"first","16":"instock","17":"shipping-taxable","18":"product-type-simple"},"_links":{"self":[{"href":"https:\/\/ultramare.com\/fr\/wp-json\/wp\/v2\/product\/10160","targetHints":{"allow":["GET"]}}],"collection":[{"href":"https:\/\/ultramare.com\/fr\/wp-json\/wp\/v2\/product"}],"about":[{"href":"https:\/\/ultramare.com\/fr\/wp-json\/wp\/v2\/types\/product"}],"replies":[{"embeddable":true,"href":"https:\/\/ultramare.com\/fr\/wp-json\/wp\/v2\/comments?post=10160"}],"version-history":[{"count":1,"href":"https:\/\/ultramare.com\/fr\/wp-json\/wp\/v2\/product\/10160\/revisions"}],"predecessor-version":[{"id":10628,"href":"https:\/\/ultramare.com\/fr\/wp-json\/wp\/v2\/product\/10160\/revisions\/10628"}],"wp:featuredmedia":[{"embeddable":true,"href":"https:\/\/ultramare.com\/fr\/wp-json\/wp\/v2\/media\/9872"}],"wp:attachment":[{"href":"https:\/\/ultramare.com\/fr\/wp-json\/wp\/v2\/media?parent=10160"}],"wp:term":[{"taxonomy":"product_brand","embeddable":true,"href":"https:\/\/ultramare.com\/fr\/wp-json\/wp\/v2\/product_brand?post=10160"},{"taxonomy":"product_cat","embeddable":true,"href":"https:\/\/ultramare.com\/fr\/wp-json\/wp\/v2\/product_cat?post=10160"},{"taxonomy":"product_tag","embeddable":true,"href":"https:\/\/ultramare.com\/fr\/wp-json\/wp\/v2\/product_tag?post=10160"}],"curies":[{"name":"wp","href":"https:\/\/api.w.org\/{rel}","templated":true}]}}