{"id":10158,"date":"2022-03-23T23:19:55","date_gmt":"2022-03-23T22:19:55","guid":{"rendered":"https:\/\/ultramare.com\/produkt\/ultrapac-4\/"},"modified":"2026-03-09T15:07:12","modified_gmt":"2026-03-09T14:07:12","slug":"ultrapac-4","status":"publish","type":"product","link":"https:\/\/ultramare.com\/fr\/produit\/ultrapac-4\/","title":{"rendered":"UltraPac"},"content":{"rendered":"<div class=\"elementor-icon-box-wrapper\">\n<div class=\"elementor-icon-box-icon\" style=\"float: left;\"><a class=\"elementor-icon elementor-animation-\" href=\"https:\/\/ultramare.com\/wp-content\/uploads\/2026\/03\/ULTRAPAC-KARTON-FR.pdf\" rel=\"noopener\"><br \/>\n<img decoding=\"async\" src=\"\/wp-content\/uploads\/2022\/06\/card-icon.png\" alt=\"carte\"><br \/>\n<\/a><\/div>\n<div class=\"elementor-icon-box-content\" style=\"float: left;\">\n<h3 class=\"elementor-icon-box-title\" style=\"margin-left: 20px; margin-top: 10px;\"><a style=\"color: #0071ce; font-size: 20px;\" href=\"https:\/\/ultramare.com\/wp-content\/uploads\/2026\/03\/ULTRAPAC-KARTON-FR.pdf\" rel=\"noopener\"><br \/>\nVoir la fiche produit<br \/>\n<\/a><\/h3>\n<\/div>\n<\/div>\n","protected":false},"excerpt":{"rendered":"<div class=\"wrap mcb-wrap two-third valign-top clearfix\">\n<div class=\"mcb-wrap-inner\">\n<div class=\"column mcb-column three-fifth column_visual \"><\/div>\n<\/div>\n<\/div>\n<div class=\"wrap mcb-wrap one-third valign-top clearfix\">\n<div class=\"mcb-wrap-inner\">\n<div class=\"column mcb-column one column_visual \">\n<ul>\n<li>cartouche en fibres de verre ou synth\u00e9tiques non tiss\u00e9es (100 % polypropyl\u00e8ne), form\u00e9e en paquets filtrants \u00e0 l&rsquo;aide de la technologie minipleat avec s\u00e9parateurs thermofusibles.<\/li>\n<\/ul>\n<div class=\"idea_box\"><\/div>\n<\/div>\n<\/div>\n<\/div>\n","protected":false},"featured_media":9721,"comment_status":"open","ping_status":"closed","template":"","meta":[],"product_brand":[],"product_cat":[336,337,356,352,375,378,380,384,349,339,343,342,341,340],"product_tag":[355,354,353],"class_list":{"0":"post-10158","1":"product","2":"type-product","3":"status-publish","4":"has-post-thumbnail","6":"product_cat-bureau","7":"product_cat-electronique","8":"product_cat-filtres-en-carton-3","9":"product_cat-filtres-en-carton-2","10":"product_cat-filtres-en-carton-4","11":"product_cat-filtres-en-carton-5","12":"product_cat-filtres-en-carton-6","13":"product_cat-filtres-en-carton-7","14":"product_cat-filtres-en-carton","15":"product_cat-hospitaliere","16":"product_cat-industriel","17":"product_cat-automobile","18":"product_cat-medical","19":"product_cat-peinture","20":"product_tag-carton","21":"product_tag-cassette-minipleat","22":"product_tag-minipleat","23":"entry","25":"first","26":"instock","27":"shipping-taxable","28":"product-type-simple"},"_links":{"self":[{"href":"https:\/\/ultramare.com\/fr\/wp-json\/wp\/v2\/product\/10158","targetHints":{"allow":["GET"]}}],"collection":[{"href":"https:\/\/ultramare.com\/fr\/wp-json\/wp\/v2\/product"}],"about":[{"href":"https:\/\/ultramare.com\/fr\/wp-json\/wp\/v2\/types\/product"}],"replies":[{"embeddable":true,"href":"https:\/\/ultramare.com\/fr\/wp-json\/wp\/v2\/comments?post=10158"}],"version-history":[{"count":1,"href":"https:\/\/ultramare.com\/fr\/wp-json\/wp\/v2\/product\/10158\/revisions"}],"predecessor-version":[{"id":10682,"href":"https:\/\/ultramare.com\/fr\/wp-json\/wp\/v2\/product\/10158\/revisions\/10682"}],"wp:featuredmedia":[{"embeddable":true,"href":"https:\/\/ultramare.com\/fr\/wp-json\/wp\/v2\/media\/9721"}],"wp:attachment":[{"href":"https:\/\/ultramare.com\/fr\/wp-json\/wp\/v2\/media?parent=10158"}],"wp:term":[{"taxonomy":"product_brand","embeddable":true,"href":"https:\/\/ultramare.com\/fr\/wp-json\/wp\/v2\/product_brand?post=10158"},{"taxonomy":"product_cat","embeddable":true,"href":"https:\/\/ultramare.com\/fr\/wp-json\/wp\/v2\/product_cat?post=10158"},{"taxonomy":"product_tag","embeddable":true,"href":"https:\/\/ultramare.com\/fr\/wp-json\/wp\/v2\/product_tag?post=10158"}],"curies":[{"name":"wp","href":"https:\/\/api.w.org\/{rel}","templated":true}]}}