{"id":10150,"date":"2022-02-17T21:58:49","date_gmt":"2022-02-17T20:58:49","guid":{"rendered":"https:\/\/ultramare.com\/produkt\/ultratec-3\/"},"modified":"2026-03-09T14:56:02","modified_gmt":"2026-03-09T13:56:02","slug":"ultratec-3","status":"publish","type":"product","link":"https:\/\/ultramare.com\/fr\/produit\/ultratec-3\/","title":{"rendered":"UltraTec 3"},"content":{"rendered":"<div class=\"elementor-icon-box-wrapper\">\n<div class=\"elementor-icon-box-icon\" style=\"float: left;\"><a class=\"elementor-icon elementor-animation-\" href=\"https:\/\/ultramare.com\/wp-content\/uploads\/2026\/03\/ULTRATEC3-FR.pdf\" rel=\"noopener\"><br \/>\n<img decoding=\"async\" src=\"\/wp-content\/uploads\/2022\/06\/card-icon.png\" alt=\"carte\"><br \/>\n<\/a><\/div>\n<div class=\"elementor-icon-box-content\" style=\"float: left;\">\n<h3 class=\"elementor-icon-box-title\" style=\"margin-left: 20px; margin-top: 10px;\"><a style=\"color: #0071ce; font-size: 20px;\" href=\"https:\/\/ultramare.com\/wp-content\/uploads\/2026\/03\/ULTRATEC3-FR.pdf\" rel=\"noopener\"><br \/>\nVoir la fiche produit<br \/>\n<\/a><\/h3>\n<\/div>\n<\/div>\n","protected":false},"excerpt":{"rendered":"<ul>\n<li>technologie bas\u00e9e sur la liaison thermique de fibres synth\u00e9tiques pures, homog\u00e8nes et durables (100 % polyester), construites progressivement (densit\u00e9 croissante des fibres)<\/li>\n<li>la structure ouverte du non-tiss\u00e9 du c\u00f4t\u00e9 de l&rsquo;entr\u00e9e d&rsquo;air s&rsquo;\u00e9paissit progressivement vers le c\u00f4t\u00e9 de la sortie, de sorte que les plus grosses particules de salet\u00e9 sont retenues dans la partie sup\u00e9rieure de la couche filtrante et que les plus petites particules p\u00e9n\u00e8trent dans le non-tiss\u00e9<\/li>\n<li>Cette technologie permet de retenir un niveau de contamination beaucoup plus \u00e9lev\u00e9, de minimiser l&rsquo;augmentation de la r\u00e9sistance au flux d&rsquo;air et d&#8217;emp\u00eacher l&rsquo;accumulation de contamination \u00e0 la surface du mat\u00e9riau filtrant.<\/li>\n<li>efficacit\u00e9 maximale de la purification de l&rsquo;air avec une perte de charge minimale<\/li>\n<li>une capacit\u00e9 de r\u00e9tention de la salet\u00e9 tr\u00e8s \u00e9lev\u00e9e, associ\u00e9e \u00e0 une r\u00e9sistance m\u00e9canique, permet de r\u00e9duire les co\u00fbts d&rsquo;exploitation et d&rsquo;entretien<\/li>\n<\/ul>\n","protected":false},"featured_media":9829,"comment_status":"open","ping_status":"closed","template":"","meta":[],"product_brand":[],"product_cat":[336,415,418,431,374,438,382,440,339,343,342,341,340,338],"product_tag":[],"class_list":{"0":"post-10150","1":"product","2":"type-product","3":"status-publish","4":"has-post-thumbnail","6":"product_cat-bureau","7":"product_cat-filtres-a-poche-synthetiques-3","8":"product_cat-filtres-a-poche-synthetiques-4","9":"product_cat-filtres-a-poche-synthetiques","11":"product_cat-filtres-a-poche-synthetiques-2","14":"product_cat-hospitaliere","15":"product_cat-industriel","16":"product_cat-automobile","17":"product_cat-medical","18":"product_cat-peinture","19":"product_cat-restauration","20":"entry","22":"first","23":"instock","24":"shipping-taxable","25":"product-type-simple"},"_links":{"self":[{"href":"https:\/\/ultramare.com\/fr\/wp-json\/wp\/v2\/product\/10150","targetHints":{"allow":["GET"]}}],"collection":[{"href":"https:\/\/ultramare.com\/fr\/wp-json\/wp\/v2\/product"}],"about":[{"href":"https:\/\/ultramare.com\/fr\/wp-json\/wp\/v2\/types\/product"}],"replies":[{"embeddable":true,"href":"https:\/\/ultramare.com\/fr\/wp-json\/wp\/v2\/comments?post=10150"}],"version-history":[{"count":1,"href":"https:\/\/ultramare.com\/fr\/wp-json\/wp\/v2\/product\/10150\/revisions"}],"predecessor-version":[{"id":10664,"href":"https:\/\/ultramare.com\/fr\/wp-json\/wp\/v2\/product\/10150\/revisions\/10664"}],"wp:featuredmedia":[{"embeddable":true,"href":"https:\/\/ultramare.com\/fr\/wp-json\/wp\/v2\/media\/9829"}],"wp:attachment":[{"href":"https:\/\/ultramare.com\/fr\/wp-json\/wp\/v2\/media?parent=10150"}],"wp:term":[{"taxonomy":"product_brand","embeddable":true,"href":"https:\/\/ultramare.com\/fr\/wp-json\/wp\/v2\/product_brand?post=10150"},{"taxonomy":"product_cat","embeddable":true,"href":"https:\/\/ultramare.com\/fr\/wp-json\/wp\/v2\/product_cat?post=10150"},{"taxonomy":"product_tag","embeddable":true,"href":"https:\/\/ultramare.com\/fr\/wp-json\/wp\/v2\/product_tag?post=10150"}],"curies":[{"name":"wp","href":"https:\/\/api.w.org\/{rel}","templated":true}]}}