{"id":10149,"date":"2022-02-17T20:40:03","date_gmt":"2022-02-17T19:40:03","guid":{"rendered":"https:\/\/ultramare.com\/produkt\/ultrapac-3\/"},"modified":"2026-03-09T14:44:14","modified_gmt":"2026-03-09T13:44:14","slug":"ultrapac-3","status":"publish","type":"product","link":"https:\/\/ultramare.com\/fr\/produit\/ultrapac-3\/","title":{"rendered":"UltraPac"},"content":{"rendered":"<div class=\"elementor-icon-box-wrapper\">\n<div class=\"elementor-icon-box-icon\" style=\"float: left;\"><a class=\"elementor-icon elementor-animation-\" href=\"https:\/\/ultramare.com\/wp-content\/uploads\/2026\/03\/ULTRAPAC-CARBON-FR.pdf\" rel=\"noopener\"><br \/>\n<img decoding=\"async\" src=\"\/wp-content\/uploads\/2022\/06\/card-icon.png\" alt=\"carte\"><br \/>\n<\/a><\/div>\n<div class=\"elementor-icon-box-content\" style=\"float: left;\">\n<h3 class=\"elementor-icon-box-title\" style=\"margin-left: 20px; margin-top: 10px;\"><a style=\"color: #0071ce; font-size: 20px;\" href=\"https:\/\/ultramare.com\/wp-content\/uploads\/2026\/03\/ULTRAPAC-CARBON-FR.pdf\" rel=\"noopener\"><br \/>\nVoir la fiche produit<br \/>\n<\/a><\/h3>\n<\/div>\n<\/div>\n","protected":false},"excerpt":{"rendered":"<div class=\"wrap mcb-wrap two-third valign-top clearfix\">\n<div class=\"mcb-wrap-inner\">\n<div class=\"column mcb-column three-fifth column_visual \"><\/div>\n<\/div>\n<\/div>\n<div class=\"wrap mcb-wrap one-third valign-top clearfix\">\n<div class=\"mcb-wrap-inner\">\n<div class=\"column mcb-column one column_visual \">\n<ul>\n<li>cartouche en fibres de verre ou synth\u00e9tiques non tiss\u00e9es (100 % polypropyl\u00e8ne), form\u00e9e en paquets filtrants \u00e0 l&rsquo;aide de la technologie minipleat avec s\u00e9parateurs thermofusibles.<\/li>\n<\/ul>\n<div class=\"idea_box\"><\/div>\n<\/div>\n<\/div>\n<\/div>\n","protected":false},"featured_media":9818,"comment_status":"open","ping_status":"closed","template":"","meta":[],"product_brand":[],"product_cat":[336,337,358,346,359,347,351,357,344,339,343,342,341,340,338],"product_tag":[],"class_list":{"0":"post-10149","1":"product","2":"type-product","3":"status-publish","4":"has-post-thumbnail","6":"product_cat-bureau","7":"product_cat-electronique","8":"product_cat-filtres-a-charbon-7","9":"product_cat-filtres-a-charbon-2","10":"product_cat-filtres-a-charbon-8","11":"product_cat-filtres-a-charbon-3","12":"product_cat-filtres-a-charbon-5","13":"product_cat-filtres-a-charbon-6","14":"product_cat-filtres-a-charbon","15":"product_cat-hospitaliere","16":"product_cat-industriel","17":"product_cat-automobile","18":"product_cat-medical","19":"product_cat-peinture","20":"product_cat-restauration","21":"entry","23":"first","24":"instock","25":"shipping-taxable","26":"product-type-simple"},"_links":{"self":[{"href":"https:\/\/ultramare.com\/fr\/wp-json\/wp\/v2\/product\/10149","targetHints":{"allow":["GET"]}}],"collection":[{"href":"https:\/\/ultramare.com\/fr\/wp-json\/wp\/v2\/product"}],"about":[{"href":"https:\/\/ultramare.com\/fr\/wp-json\/wp\/v2\/types\/product"}],"replies":[{"embeddable":true,"href":"https:\/\/ultramare.com\/fr\/wp-json\/wp\/v2\/comments?post=10149"}],"version-history":[{"count":1,"href":"https:\/\/ultramare.com\/fr\/wp-json\/wp\/v2\/product\/10149\/revisions"}],"predecessor-version":[{"id":10656,"href":"https:\/\/ultramare.com\/fr\/wp-json\/wp\/v2\/product\/10149\/revisions\/10656"}],"wp:featuredmedia":[{"embeddable":true,"href":"https:\/\/ultramare.com\/fr\/wp-json\/wp\/v2\/media\/9818"}],"wp:attachment":[{"href":"https:\/\/ultramare.com\/fr\/wp-json\/wp\/v2\/media?parent=10149"}],"wp:term":[{"taxonomy":"product_brand","embeddable":true,"href":"https:\/\/ultramare.com\/fr\/wp-json\/wp\/v2\/product_brand?post=10149"},{"taxonomy":"product_cat","embeddable":true,"href":"https:\/\/ultramare.com\/fr\/wp-json\/wp\/v2\/product_cat?post=10149"},{"taxonomy":"product_tag","embeddable":true,"href":"https:\/\/ultramare.com\/fr\/wp-json\/wp\/v2\/product_tag?post=10149"}],"curies":[{"name":"wp","href":"https:\/\/api.w.org\/{rel}","templated":true}]}}