{"id":10146,"date":"2022-02-15T22:53:34","date_gmt":"2022-02-15T21:53:34","guid":{"rendered":"https:\/\/ultramare.com\/produkt\/ultraazur\/"},"modified":"2026-03-05T14:47:39","modified_gmt":"2026-03-05T13:47:39","slug":"ultraazur","status":"publish","type":"product","link":"https:\/\/ultramare.com\/fr\/produit\/ultraazur\/","title":{"rendered":"UltraAzur"},"content":{"rendered":"<div class=\"elementor-icon-box-wrapper\">\n<div style=\"float:left;\" class=\"elementor-icon-box-icon\">\n\t\t<a href=\"https:\/\/ultramare.com\/wp-content\/uploads\/2026\/03\/ULTRAAZUR-FR.pdf\" class=\"elementor-icon elementor-animation-\" rel=\"noopener\"><br \/>\n                   <img decoding=\"async\" src=\"\/wp-content\/uploads\/2022\/06\/card-icon.png\" alt=\"carte\"><br \/>\n                <\/a>\n\t        <\/div>\n<div style=\"float:left;\" class=\"elementor-icon-box-content\">\n<h3 style=\"margin-left: 20px; margin-top: 10px\" class=\"elementor-icon-box-title\">\n\t\t    <a style=\"color: #0071ce; font-size:20px;  \" href=\"https:\/\/ultramare.com\/wp-content\/uploads\/2026\/03\/ULTRAAZUR-FR.pdf\" rel=\"noopener\"><br \/>\n  Voir la fiche produit<br \/>\n\t             <\/a><br \/>\n\t        <\/h3>\n<\/p><\/div>\n<\/div>\n","protected":false},"excerpt":{"rendered":"<ul>\n<li>bo\u00eetier en carton lamin\u00e9 r\u00e9sistant \u00e0 l&rsquo;humidit\u00e9<\/li>\n<li>voile de verre sec sp\u00e9cial ins\u00e9r\u00e9 dans un bo\u00eetier en carton<\/li>\n<li>peut \u00eatre renforc\u00e9 par un treillis m\u00e9tallique au niveau de la sortie d&rsquo;air<\/li>\n<\/ul>\n","protected":false},"featured_media":9819,"comment_status":"open","ping_status":"closed","template":"","meta":[],"product_brand":[],"product_cat":[336,337,375,378,349,380,352,384,356,339,343,342,341,340],"product_tag":[],"class_list":{"0":"post-10146","1":"product","2":"type-product","3":"status-publish","4":"has-post-thumbnail","6":"product_cat-bureau","7":"product_cat-electronique","8":"product_cat-filtres-en-carton-4","9":"product_cat-filtres-en-carton-5","10":"product_cat-filtres-en-carton","11":"product_cat-filtres-en-carton-6","12":"product_cat-filtres-en-carton-2","13":"product_cat-filtres-en-carton-7","14":"product_cat-filtres-en-carton-3","15":"product_cat-hospitaliere","16":"product_cat-industriel","17":"product_cat-automobile","18":"product_cat-medical","19":"product_cat-peinture","20":"entry","22":"first","23":"instock","24":"shipping-taxable","25":"product-type-simple"},"_links":{"self":[{"href":"https:\/\/ultramare.com\/fr\/wp-json\/wp\/v2\/product\/10146","targetHints":{"allow":["GET"]}}],"collection":[{"href":"https:\/\/ultramare.com\/fr\/wp-json\/wp\/v2\/product"}],"about":[{"href":"https:\/\/ultramare.com\/fr\/wp-json\/wp\/v2\/types\/product"}],"replies":[{"embeddable":true,"href":"https:\/\/ultramare.com\/fr\/wp-json\/wp\/v2\/comments?post=10146"}],"version-history":[{"count":1,"href":"https:\/\/ultramare.com\/fr\/wp-json\/wp\/v2\/product\/10146\/revisions"}],"predecessor-version":[{"id":10624,"href":"https:\/\/ultramare.com\/fr\/wp-json\/wp\/v2\/product\/10146\/revisions\/10624"}],"wp:featuredmedia":[{"embeddable":true,"href":"https:\/\/ultramare.com\/fr\/wp-json\/wp\/v2\/media\/9819"}],"wp:attachment":[{"href":"https:\/\/ultramare.com\/fr\/wp-json\/wp\/v2\/media?parent=10146"}],"wp:term":[{"taxonomy":"product_brand","embeddable":true,"href":"https:\/\/ultramare.com\/fr\/wp-json\/wp\/v2\/product_brand?post=10146"},{"taxonomy":"product_cat","embeddable":true,"href":"https:\/\/ultramare.com\/fr\/wp-json\/wp\/v2\/product_cat?post=10146"},{"taxonomy":"product_tag","embeddable":true,"href":"https:\/\/ultramare.com\/fr\/wp-json\/wp\/v2\/product_tag?post=10146"}],"curies":[{"name":"wp","href":"https:\/\/api.w.org\/{rel}","templated":true}]}}