{"id":10144,"date":"2022-02-15T22:50:19","date_gmt":"2022-02-15T21:50:19","guid":{"rendered":"https:\/\/ultramare.com\/produkt\/ht-200\/"},"modified":"2026-03-05T12:51:13","modified_gmt":"2026-03-05T11:51:13","slug":"ht-200","status":"publish","type":"product","link":"https:\/\/ultramare.com\/fr\/produit\/ht-200\/","title":{"rendered":"HT 200"},"content":{"rendered":"<div class=\"elementor-icon-box-wrapper\">\n<div class=\"elementor-icon-box-icon\" style=\"float: left;\"><a class=\"elementor-icon elementor-animation-\" href=\"https:\/\/ultramare.com\/wp-content\/uploads\/2026\/03\/HT200-FR.pdf\" rel=\"noopener\"><br \/>\n<img decoding=\"async\" src=\"\/wp-content\/uploads\/2022\/06\/card-icon.png\" alt=\"carte\"><br \/>\n<\/a><\/div>\n<div class=\"elementor-icon-box-content\" style=\"float: left;\">\n<h3 class=\"elementor-icon-box-title\" style=\"margin-left: 20px; margin-top: 10px;\"><a style=\"color: #0071ce; font-size: 20px;\" href=\"https:\/\/ultramare.com\/wp-content\/uploads\/2026\/03\/HT200-FR.pdf\" rel=\"noopener\"><br \/>\nVoir la fiche produit<br \/>\n<\/a><\/h3>\n<\/div>\n<\/div>\n","protected":false},"excerpt":{"rendered":"<ul>\n<li>technologie bas\u00e9e sur la liaison thermique de fibres synth\u00e9tiques pures, homog\u00e8nes et durables (100% polyester)<\/li>\n<li>progressivement constitu\u00e9 (densit\u00e9 croissante des fibres) pour garantir une efficacit\u00e9 maximale dans l&rsquo;\u00e9puration des poussi\u00e8res de l&rsquo;air avec une perte de charge minimale et une longue dur\u00e9e de vie du filtre, ce qui se traduit par de faibles co\u00fbts d&rsquo;exploitation et de maintenance.<\/li>\n<\/ul>\n","protected":false},"featured_media":9815,"comment_status":"open","ping_status":"closed","template":"","meta":[],"product_brand":[],"product_cat":[377,402,343,342],"product_tag":[],"class_list":{"0":"post-10144","1":"product","2":"type-product","3":"status-publish","4":"has-post-thumbnail","6":"product_cat-filtres-haute-temperature-ht","7":"product_cat-filtres-haute-temperature-ht-2","8":"product_cat-industriel","9":"product_cat-automobile","10":"entry","12":"first","13":"instock","14":"shipping-taxable","15":"product-type-simple"},"_links":{"self":[{"href":"https:\/\/ultramare.com\/fr\/wp-json\/wp\/v2\/product\/10144","targetHints":{"allow":["GET"]}}],"collection":[{"href":"https:\/\/ultramare.com\/fr\/wp-json\/wp\/v2\/product"}],"about":[{"href":"https:\/\/ultramare.com\/fr\/wp-json\/wp\/v2\/types\/product"}],"replies":[{"embeddable":true,"href":"https:\/\/ultramare.com\/fr\/wp-json\/wp\/v2\/comments?post=10144"}],"version-history":[{"count":1,"href":"https:\/\/ultramare.com\/fr\/wp-json\/wp\/v2\/product\/10144\/revisions"}],"predecessor-version":[{"id":10594,"href":"https:\/\/ultramare.com\/fr\/wp-json\/wp\/v2\/product\/10144\/revisions\/10594"}],"wp:featuredmedia":[{"embeddable":true,"href":"https:\/\/ultramare.com\/fr\/wp-json\/wp\/v2\/media\/9815"}],"wp:attachment":[{"href":"https:\/\/ultramare.com\/fr\/wp-json\/wp\/v2\/media?parent=10144"}],"wp:term":[{"taxonomy":"product_brand","embeddable":true,"href":"https:\/\/ultramare.com\/fr\/wp-json\/wp\/v2\/product_brand?post=10144"},{"taxonomy":"product_cat","embeddable":true,"href":"https:\/\/ultramare.com\/fr\/wp-json\/wp\/v2\/product_cat?post=10144"},{"taxonomy":"product_tag","embeddable":true,"href":"https:\/\/ultramare.com\/fr\/wp-json\/wp\/v2\/product_tag?post=10144"}],"curies":[{"name":"wp","href":"https:\/\/api.w.org\/{rel}","templated":true}]}}