{"id":10143,"date":"2022-02-15T22:49:52","date_gmt":"2022-02-15T21:49:52","guid":{"rendered":"https:\/\/ultramare.com\/produkt\/ht-300\/"},"modified":"2026-03-05T12:52:30","modified_gmt":"2026-03-05T11:52:30","slug":"ht-300","status":"publish","type":"product","link":"https:\/\/ultramare.com\/fr\/produit\/ht-300\/","title":{"rendered":"HT 300"},"content":{"rendered":"<div class=\"elementor-icon-box-wrapper\">\n<div style=\"float:left;\" class=\"elementor-icon-box-icon\">\n\t\t<a href=\"https:\/\/ultramare.com\/wp-content\/uploads\/2026\/03\/HT300-HT-FR.pdf\" class=\"elementor-icon elementor-animation-\" rel=\"noopener\"><br \/>\n                   <img decoding=\"async\" src=\"\/wp-content\/uploads\/2022\/06\/card-icon.png\" alt=\"carte\"><br \/>\n                <\/a>\n\t        <\/div>\n<div style=\"float:left;\" class=\"elementor-icon-box-content\">\n<h3 style=\"margin-left: 20px; margin-top: 10px\" class=\"elementor-icon-box-title\">\n\t\t    <a style=\"color: #0071ce; font-size:20px;  \" href=\"https:\/\/ultramare.com\/wp-content\/uploads\/2026\/03\/HT300-HT-FR.pdf\" rel=\"noopener\"><br \/>\n  Voir la fiche produit<br \/>\n\t             <\/a><br \/>\n\t        <\/h3>\n<\/p><\/div>\n<\/div>\n","protected":false},"excerpt":{"rendered":"<ul>\n<li>microfibres de verre assembl\u00e9es progressivement et li\u00e9es entre elles par une substance r\u00e9sistante \u00e0 la chaleur<\/li>\n<li>\u00e0 la sortie, un rev\u00eatement en microfibres de verre emp\u00eache les fibres individuelles de s&rsquo;\u00e9chapper<\/li>\n<li>bo\u00eetier en aluminium<\/li>\n<\/ul>\n","protected":false},"featured_media":9812,"comment_status":"open","ping_status":"closed","template":"","meta":[],"product_brand":[],"product_cat":[377,402,343,342],"product_tag":[],"class_list":{"0":"post-10143","1":"product","2":"type-product","3":"status-publish","4":"has-post-thumbnail","6":"product_cat-filtres-haute-temperature-ht","7":"product_cat-filtres-haute-temperature-ht-2","8":"product_cat-industriel","9":"product_cat-automobile","10":"entry","12":"first","13":"instock","14":"shipping-taxable","15":"product-type-simple"},"_links":{"self":[{"href":"https:\/\/ultramare.com\/fr\/wp-json\/wp\/v2\/product\/10143","targetHints":{"allow":["GET"]}}],"collection":[{"href":"https:\/\/ultramare.com\/fr\/wp-json\/wp\/v2\/product"}],"about":[{"href":"https:\/\/ultramare.com\/fr\/wp-json\/wp\/v2\/types\/product"}],"replies":[{"embeddable":true,"href":"https:\/\/ultramare.com\/fr\/wp-json\/wp\/v2\/comments?post=10143"}],"version-history":[{"count":1,"href":"https:\/\/ultramare.com\/fr\/wp-json\/wp\/v2\/product\/10143\/revisions"}],"predecessor-version":[{"id":10596,"href":"https:\/\/ultramare.com\/fr\/wp-json\/wp\/v2\/product\/10143\/revisions\/10596"}],"wp:featuredmedia":[{"embeddable":true,"href":"https:\/\/ultramare.com\/fr\/wp-json\/wp\/v2\/media\/9812"}],"wp:attachment":[{"href":"https:\/\/ultramare.com\/fr\/wp-json\/wp\/v2\/media?parent=10143"}],"wp:term":[{"taxonomy":"product_brand","embeddable":true,"href":"https:\/\/ultramare.com\/fr\/wp-json\/wp\/v2\/product_brand?post=10143"},{"taxonomy":"product_cat","embeddable":true,"href":"https:\/\/ultramare.com\/fr\/wp-json\/wp\/v2\/product_cat?post=10143"},{"taxonomy":"product_tag","embeddable":true,"href":"https:\/\/ultramare.com\/fr\/wp-json\/wp\/v2\/product_tag?post=10143"}],"curies":[{"name":"wp","href":"https:\/\/api.w.org\/{rel}","templated":true}]}}