{"id":10142,"date":"2022-02-17T20:20:09","date_gmt":"2022-02-17T19:20:09","guid":{"rendered":"https:\/\/ultramare.com\/produkt\/ultrakart-4g\/"},"modified":"2026-03-05T15:02:32","modified_gmt":"2026-03-05T14:02:32","slug":"ultrakart-4g","status":"publish","type":"product","link":"https:\/\/ultramare.com\/fr\/produit\/ultrakart-4g\/","title":{"rendered":"UltraKart 4G"},"content":{"rendered":"<div class=\"elementor-icon-box-wrapper\">\n<div style=\"float:left;\" class=\"elementor-icon-box-icon\">\n\t\t<a href=\"https:\/\/ultramare.com\/wp-content\/uploads\/2026\/03\/ULTRAKART4G-FR.pdf\" class=\"elementor-icon elementor-animation-\" rel=\"noopener\"><br \/>\n                   <img decoding=\"async\" src=\"\/wp-content\/uploads\/2022\/06\/card-icon.png\" alt=\"carte\"><br \/>\n                <\/a>\n\t        <\/div>\n<div style=\"float:left;\" class=\"elementor-icon-box-content\">\n<h3 style=\"margin-left: 20px; margin-top: 10px\" class=\"elementor-icon-box-title\">\n\t\t    <a style=\"color: #0071ce; font-size:20px;  \" href=\"https:\/\/ultramare.com\/wp-content\/uploads\/2026\/03\/ULTRAKART4G-FR.pdf\" rel=\"noopener\"><br \/>\n  Voir la fiche produit<br \/>\n\t             <\/a><br \/>\n\t        <\/h3>\n<\/p><\/div>\n<\/div>\n","protected":false},"excerpt":{"rendered":"<ul>\n<li>technologie bas\u00e9e sur le collage de fibres de verre pures, homog\u00e8nes et durables<\/li>\n<li>progressivement constitu\u00e9 (densit\u00e9 croissante des fibres) pour garantir une efficacit\u00e9 maximale dans l&rsquo;\u00e9puration de l&rsquo;air avec une perte de charge minimale et une longue dur\u00e9e de vie du filtre, ce qui se traduit par de faibles co\u00fbts d&rsquo;exploitation et de maintenance (intervalles de changement de filtre prolong\u00e9s).<\/li>\n<\/ul>\n","protected":false},"featured_media":9838,"comment_status":"open","ping_status":"closed","template":"","meta":[],"product_brand":[],"product_cat":[336,337,378,349,380,352,384,356,375,339,343,342,341,340],"product_tag":[],"class_list":{"0":"post-10142","1":"product","2":"type-product","3":"status-publish","4":"has-post-thumbnail","6":"product_cat-bureau","7":"product_cat-electronique","8":"product_cat-filtres-en-carton-5","9":"product_cat-filtres-en-carton","10":"product_cat-filtres-en-carton-6","11":"product_cat-filtres-en-carton-2","12":"product_cat-filtres-en-carton-7","13":"product_cat-filtres-en-carton-3","14":"product_cat-filtres-en-carton-4","15":"product_cat-hospitaliere","16":"product_cat-industriel","17":"product_cat-automobile","18":"product_cat-medical","19":"product_cat-peinture","20":"entry","22":"first","23":"instock","24":"shipping-taxable","25":"product-type-simple"},"_links":{"self":[{"href":"https:\/\/ultramare.com\/fr\/wp-json\/wp\/v2\/product\/10142","targetHints":{"allow":["GET"]}}],"collection":[{"href":"https:\/\/ultramare.com\/fr\/wp-json\/wp\/v2\/product"}],"about":[{"href":"https:\/\/ultramare.com\/fr\/wp-json\/wp\/v2\/types\/product"}],"replies":[{"embeddable":true,"href":"https:\/\/ultramare.com\/fr\/wp-json\/wp\/v2\/comments?post=10142"}],"version-history":[{"count":1,"href":"https:\/\/ultramare.com\/fr\/wp-json\/wp\/v2\/product\/10142\/revisions"}],"predecessor-version":[{"id":10636,"href":"https:\/\/ultramare.com\/fr\/wp-json\/wp\/v2\/product\/10142\/revisions\/10636"}],"wp:featuredmedia":[{"embeddable":true,"href":"https:\/\/ultramare.com\/fr\/wp-json\/wp\/v2\/media\/9838"}],"wp:attachment":[{"href":"https:\/\/ultramare.com\/fr\/wp-json\/wp\/v2\/media?parent=10142"}],"wp:term":[{"taxonomy":"product_brand","embeddable":true,"href":"https:\/\/ultramare.com\/fr\/wp-json\/wp\/v2\/product_brand?post=10142"},{"taxonomy":"product_cat","embeddable":true,"href":"https:\/\/ultramare.com\/fr\/wp-json\/wp\/v2\/product_cat?post=10142"},{"taxonomy":"product_tag","embeddable":true,"href":"https:\/\/ultramare.com\/fr\/wp-json\/wp\/v2\/product_tag?post=10142"}],"curies":[{"name":"wp","href":"https:\/\/api.w.org\/{rel}","templated":true}]}}