{"id":10134,"date":"2022-02-15T22:42:06","date_gmt":"2022-02-15T21:42:06","guid":{"rendered":"https:\/\/ultramare.com\/produkt\/ultrakomp-ht-ssp\/"},"modified":"2026-03-09T14:10:07","modified_gmt":"2026-03-09T13:10:07","slug":"ultrakomp-ht-ssp","status":"publish","type":"product","link":"https:\/\/ultramare.com\/fr\/produit\/ultrakomp-ht-ssp\/","title":{"rendered":"UltraKomp HT SSP"},"content":{"rendered":"<div class=\"elementor-icon-box-wrapper\">\n<div style=\"float:left;\" class=\"elementor-icon-box-icon\">\n\t\t<a href=\"https:\/\/ultramare.com\/wp-content\/uploads\/2026\/03\/ULTRAKOMPHTSSP-FR.pdf\" class=\"elementor-icon elementor-animation-\" rel=\"noopener\"><br \/>\n                   <img decoding=\"async\" src=\"\/wp-content\/uploads\/2022\/06\/card-icon.png\" alt=\"carte\"><br \/>\n                <\/a>\n\t        <\/div>\n<div style=\"float:left;\" class=\"elementor-icon-box-content\">\n<h3 style=\"margin-left: 20px; margin-top: 10px\" class=\"elementor-icon-box-title\">\n\t\t    <a style=\"color: #0071ce; font-size:20px;  \" href=\"https:\/\/ultramare.com\/wp-content\/uploads\/2026\/03\/ULTRAKOMPHTSSP-FR.pdf\" rel=\"noopener\"><br \/>\n  Voir la fiche produit<br \/>\n\t             <\/a><br \/>\n\t        <\/h3>\n<\/p><\/div>\n<\/div>\n","protected":false},"excerpt":{"rendered":"<ul>\n<li>Joint sans silicone<\/li>\n<li>R\u00e9sistant \u00e0 la chaleur jusqu&rsquo;\u00e0 350\u00b0C<\/li>\n<li>Absorption \u00e9lev\u00e9e de la poussi\u00e8re<\/li>\n<li>Faible perte de charge<\/li>\n<li>Longue dur\u00e9e de vie du filtre<\/li>\n<li>Faibles co\u00fbts d&rsquo;exploitation<\/li>\n<\/ul>\n","protected":false},"featured_media":9921,"comment_status":"open","ping_status":"closed","template":"","meta":[],"product_brand":[],"product_cat":[377,402,343,342],"product_tag":[],"class_list":{"0":"post-10134","1":"product","2":"type-product","3":"status-publish","4":"has-post-thumbnail","6":"product_cat-filtres-haute-temperature-ht","7":"product_cat-filtres-haute-temperature-ht-2","8":"product_cat-industriel","9":"product_cat-automobile","10":"entry","12":"first","13":"instock","14":"shipping-taxable","15":"product-type-simple"},"_links":{"self":[{"href":"https:\/\/ultramare.com\/fr\/wp-json\/wp\/v2\/product\/10134","targetHints":{"allow":["GET"]}}],"collection":[{"href":"https:\/\/ultramare.com\/fr\/wp-json\/wp\/v2\/product"}],"about":[{"href":"https:\/\/ultramare.com\/fr\/wp-json\/wp\/v2\/types\/product"}],"replies":[{"embeddable":true,"href":"https:\/\/ultramare.com\/fr\/wp-json\/wp\/v2\/comments?post=10134"}],"version-history":[{"count":1,"href":"https:\/\/ultramare.com\/fr\/wp-json\/wp\/v2\/product\/10134\/revisions"}],"predecessor-version":[{"id":10644,"href":"https:\/\/ultramare.com\/fr\/wp-json\/wp\/v2\/product\/10134\/revisions\/10644"}],"wp:featuredmedia":[{"embeddable":true,"href":"https:\/\/ultramare.com\/fr\/wp-json\/wp\/v2\/media\/9921"}],"wp:attachment":[{"href":"https:\/\/ultramare.com\/fr\/wp-json\/wp\/v2\/media?parent=10134"}],"wp:term":[{"taxonomy":"product_brand","embeddable":true,"href":"https:\/\/ultramare.com\/fr\/wp-json\/wp\/v2\/product_brand?post=10134"},{"taxonomy":"product_cat","embeddable":true,"href":"https:\/\/ultramare.com\/fr\/wp-json\/wp\/v2\/product_cat?post=10134"},{"taxonomy":"product_tag","embeddable":true,"href":"https:\/\/ultramare.com\/fr\/wp-json\/wp\/v2\/product_tag?post=10134"}],"curies":[{"name":"wp","href":"https:\/\/api.w.org\/{rel}","templated":true}]}}