{"id":10127,"date":"2022-02-27T19:36:40","date_gmt":"2022-02-27T18:36:40","guid":{"rendered":"https:\/\/ultramare.com\/produkt\/nf-500\/"},"modified":"2026-03-05T13:02:38","modified_gmt":"2026-03-05T12:02:38","slug":"nf-500","status":"publish","type":"product","link":"https:\/\/ultramare.com\/fr\/produit\/nf-500\/","title":{"rendered":"NF 500"},"content":{"rendered":"<div class=\"elementor-icon-box-wrapper\">\n<div class=\"elementor-icon-box-icon\" style=\"float: left;\"><a class=\"elementor-icon elementor-animation-\" href=\"https:\/\/ultramare.com\/wp-content\/uploads\/2026\/03\/NF500-FR.pdf\" rel=\"noopener\"><br \/>\n<img decoding=\"async\" src=\"\/wp-content\/uploads\/2022\/06\/card-icon.png\" alt=\"carte\"><br \/>\n<\/a><\/div>\n<div class=\"elementor-icon-box-content\" style=\"float: left;\">\n<h3 class=\"elementor-icon-box-title\" style=\"margin-left: 20px; margin-top: 10px;\"><a style=\"color: #0071ce; font-size: 20px;\" href=\"https:\/\/ultramare.com\/wp-content\/uploads\/2026\/03\/NF500-FR.pdf\" rel=\"noopener\"><br \/>\nVoir la fiche produit<br \/>\n<\/a><\/h3>\n<\/div>\n<\/div>\n","protected":false},"excerpt":{"rendered":"<ul>\n<li>100 % de fibres de polyester li\u00e9es progressivement, thermiquement, impr\u00e9gn\u00e9es d&rsquo;un adh\u00e9sif sp\u00e9cial et prot\u00e9g\u00e9es en outre par un filet de polyester du c\u00f4t\u00e9 de la sortie d&rsquo;air.<\/li>\n<li>cette conception permet d&rsquo;obtenir un flux d&rsquo;air r\u00e9gulier et les contaminants captur\u00e9s restent dans le filtre m\u00eame lors des chocs li\u00e9s au d\u00e9marrage ou \u00e0 l&rsquo;arr\u00eat de la soufflerie.<\/li>\n<li>l&rsquo;efficacit\u00e9 du mat\u00e9riel du d\u00e9but \u00e0 la fin<\/li>\n<li>la r\u00e9sistance m\u00e9canique \u00e9lev\u00e9e du mat\u00e9riau garantit la stabilit\u00e9 dimensionnelle pendant toute la dur\u00e9e de vie, m\u00eame \u00e0 des d\u00e9bits \u00e9lev\u00e9s<\/li>\n<\/ul>\n","protected":false},"featured_media":9765,"comment_status":"open","ping_status":"closed","template":"","meta":[],"product_brand":[],"product_cat":[337,343,342,340,338,383,386,364,365,372],"product_tag":[],"class_list":{"0":"post-10127","1":"product","2":"type-product","3":"status-publish","4":"has-post-thumbnail","6":"product_cat-electronique","7":"product_cat-industriel","8":"product_cat-automobile","9":"product_cat-peinture","10":"product_cat-restauration","11":"product_cat-tissus-de-filtration-synthetiques-non-tisses-4","12":"product_cat-tissus-de-filtration-synthetiques-non-tisses-5","13":"product_cat-tissus-de-filtration-synthetiques-non-tisses","14":"product_cat-tissus-de-filtration-synthetiques-non-tisses-2","15":"product_cat-tissus-de-filtration-synthetiques-non-tisses-3","16":"entry","18":"first","19":"instock","20":"shipping-taxable","21":"product-type-simple"},"_links":{"self":[{"href":"https:\/\/ultramare.com\/fr\/wp-json\/wp\/v2\/product\/10127","targetHints":{"allow":["GET"]}}],"collection":[{"href":"https:\/\/ultramare.com\/fr\/wp-json\/wp\/v2\/product"}],"about":[{"href":"https:\/\/ultramare.com\/fr\/wp-json\/wp\/v2\/types\/product"}],"replies":[{"embeddable":true,"href":"https:\/\/ultramare.com\/fr\/wp-json\/wp\/v2\/comments?post=10127"}],"version-history":[{"count":1,"href":"https:\/\/ultramare.com\/fr\/wp-json\/wp\/v2\/product\/10127\/revisions"}],"predecessor-version":[{"id":10605,"href":"https:\/\/ultramare.com\/fr\/wp-json\/wp\/v2\/product\/10127\/revisions\/10605"}],"wp:featuredmedia":[{"embeddable":true,"href":"https:\/\/ultramare.com\/fr\/wp-json\/wp\/v2\/media\/9765"}],"wp:attachment":[{"href":"https:\/\/ultramare.com\/fr\/wp-json\/wp\/v2\/media?parent=10127"}],"wp:term":[{"taxonomy":"product_brand","embeddable":true,"href":"https:\/\/ultramare.com\/fr\/wp-json\/wp\/v2\/product_brand?post=10127"},{"taxonomy":"product_cat","embeddable":true,"href":"https:\/\/ultramare.com\/fr\/wp-json\/wp\/v2\/product_cat?post=10127"},{"taxonomy":"product_tag","embeddable":true,"href":"https:\/\/ultramare.com\/fr\/wp-json\/wp\/v2\/product_tag?post=10127"}],"curies":[{"name":"wp","href":"https:\/\/api.w.org\/{rel}","templated":true}]}}