{"id":10125,"date":"2022-02-27T19:36:06","date_gmt":"2022-02-27T18:36:06","guid":{"rendered":"https:\/\/ultramare.com\/produkt\/nf-600\/"},"modified":"2026-03-05T13:03:14","modified_gmt":"2026-03-05T12:03:14","slug":"nf-600","status":"publish","type":"product","link":"https:\/\/ultramare.com\/fr\/produit\/nf-600\/","title":{"rendered":"NF 600"},"content":{"rendered":"<div class=\"elementor-icon-box-wrapper\">\n<div style=\"float:left;\" class=\"elementor-icon-box-icon\">\n\t\t<a href=\"https:\/\/ultramare.com\/wp-content\/uploads\/2026\/03\/NF600-FR.pdf\" class=\"elementor-icon elementor-animation-\" rel=\"noopener\"><br \/>\n                   <img decoding=\"async\" src=\"\/wp-content\/uploads\/2022\/06\/card-icon.png\" alt=\"carte\"><br \/>\n                <\/a>\n\t        <\/div>\n<div style=\"float:left;\" class=\"elementor-icon-box-content\">\n<h3 style=\"margin-left: 20px; margin-top: 10px\" class=\"elementor-icon-box-title\">\n\t\t    <a style=\"color: #0071ce; font-size:20px;  \" href=\"https:\/\/ultramare.com\/wp-content\/uploads\/2026\/03\/NF600-FR.pdf\" rel=\"noopener\"><br \/>\n  Voir la fiche produit<br \/>\n\t             <\/a><br \/>\n\t        <\/h3>\n<\/p><\/div>\n<\/div>\n","protected":false},"excerpt":{"rendered":"<ul>\n<li>100 % de fibres de polyester li\u00e9es progressivement, li\u00e9es thermiquement, satur\u00e9es d&rsquo;un adh\u00e9sif sp\u00e9cial et prot\u00e9g\u00e9es par un filet de polyester du c\u00f4t\u00e9 de la sortie d&rsquo;air.<\/li>\n<li>cette conception permet d&rsquo;obtenir un flux d&rsquo;air r\u00e9gulier et les contaminants captur\u00e9s restent dans le filtre m\u00eame lors des chocs li\u00e9s au d\u00e9marrage ou \u00e0 l&rsquo;arr\u00eat de la soufflerie.<\/li>\n<li>l&rsquo;efficacit\u00e9 du mat\u00e9riel du d\u00e9but \u00e0 la fin<\/li>\n<li>la r\u00e9sistance m\u00e9canique \u00e9lev\u00e9e du mat\u00e9riau garantit la stabilit\u00e9 dimensionnelle pendant toute la dur\u00e9e de vie, m\u00eame \u00e0 des d\u00e9bits \u00e9lev\u00e9s<\/li>\n<li>le non-tiss\u00e9 NF 600 pr\u00e9sente d&rsquo;excellentes caract\u00e9ristiques de filtration, confirm\u00e9es par des homologations en Europe (VTT en Finlande) et aux \u00c9tats-Unis (Air Filter Testing Laboratories, Inc.).<\/li>\n<\/ul>\n","protected":false},"featured_media":9845,"comment_status":"open","ping_status":"closed","template":"","meta":[],"product_brand":[],"product_cat":[337,343,342,340,338,364,365,372,386],"product_tag":[],"class_list":{"0":"post-10125","1":"product","2":"type-product","3":"status-publish","4":"has-post-thumbnail","6":"product_cat-electronique","7":"product_cat-industriel","8":"product_cat-automobile","9":"product_cat-peinture","10":"product_cat-restauration","11":"product_cat-tissus-de-filtration-synthetiques-non-tisses","12":"product_cat-tissus-de-filtration-synthetiques-non-tisses-2","13":"product_cat-tissus-de-filtration-synthetiques-non-tisses-3","14":"product_cat-tissus-de-filtration-synthetiques-non-tisses-5","15":"entry","17":"first","18":"instock","19":"shipping-taxable","20":"product-type-simple"},"_links":{"self":[{"href":"https:\/\/ultramare.com\/fr\/wp-json\/wp\/v2\/product\/10125","targetHints":{"allow":["GET"]}}],"collection":[{"href":"https:\/\/ultramare.com\/fr\/wp-json\/wp\/v2\/product"}],"about":[{"href":"https:\/\/ultramare.com\/fr\/wp-json\/wp\/v2\/types\/product"}],"replies":[{"embeddable":true,"href":"https:\/\/ultramare.com\/fr\/wp-json\/wp\/v2\/comments?post=10125"}],"version-history":[{"count":1,"href":"https:\/\/ultramare.com\/fr\/wp-json\/wp\/v2\/product\/10125\/revisions"}],"predecessor-version":[{"id":10606,"href":"https:\/\/ultramare.com\/fr\/wp-json\/wp\/v2\/product\/10125\/revisions\/10606"}],"wp:featuredmedia":[{"embeddable":true,"href":"https:\/\/ultramare.com\/fr\/wp-json\/wp\/v2\/media\/9845"}],"wp:attachment":[{"href":"https:\/\/ultramare.com\/fr\/wp-json\/wp\/v2\/media?parent=10125"}],"wp:term":[{"taxonomy":"product_brand","embeddable":true,"href":"https:\/\/ultramare.com\/fr\/wp-json\/wp\/v2\/product_brand?post=10125"},{"taxonomy":"product_cat","embeddable":true,"href":"https:\/\/ultramare.com\/fr\/wp-json\/wp\/v2\/product_cat?post=10125"},{"taxonomy":"product_tag","embeddable":true,"href":"https:\/\/ultramare.com\/fr\/wp-json\/wp\/v2\/product_tag?post=10125"}],"curies":[{"name":"wp","href":"https:\/\/api.w.org\/{rel}","templated":true}]}}