{"id":10123,"date":"2022-02-27T19:58:59","date_gmt":"2022-02-27T18:58:59","guid":{"rendered":"https:\/\/ultramare.com\/produkt\/ultrahum\/"},"modified":"2026-03-05T15:00:44","modified_gmt":"2026-03-05T14:00:44","slug":"ultrahum","status":"publish","type":"product","link":"https:\/\/ultramare.com\/fr\/produit\/ultrahum\/","title":{"rendered":"UltraHum"},"content":{"rendered":"<div class=\"elementor-icon-box-wrapper\">\n<div style=\"float:left;\" class=\"elementor-icon-box-icon\">\n\t\t<a href=\"https:\/\/ultramare.com\/wp-content\/uploads\/2026\/03\/ULTRAHUM-FR.pdf\" class=\"elementor-icon elementor-animation-\" rel=\"noopener\"><br \/>\n                   <img decoding=\"async\" src=\"\/wp-content\/uploads\/2022\/06\/card-icon.png\" alt=\"carte\"><br \/>\n                <\/a>\n\t        <\/div>\n<div style=\"float:left;\" class=\"elementor-icon-box-content\">\n<h3 style=\"margin-left: 20px; margin-top: 10px\" class=\"elementor-icon-box-title\">\n\t\t    <a style=\"color: #0071ce; font-size:20px;  \" href=\"https:\/\/ultramare.com\/wp-content\/uploads\/2026\/03\/ULTRAHUM-FR.pdf\" rel=\"noopener\"><br \/>\n  Voir la fiche produit<br \/>\n\t             <\/a><br \/>\n\t        <\/h3>\n<\/p><\/div>\n<\/div>\n","protected":false},"excerpt":{"rendered":"<ul>\n<li>fibres de verre sp\u00e9cialement impr\u00e9gn\u00e9es pour faciliter l&rsquo;absorption et l&rsquo;\u00e9vacuation de l&rsquo;humidit\u00e9, m\u00eame \u00e0 des vitesses d&rsquo;air \u00e9lev\u00e9es<\/li>\n<li>la composition inorganique unique des blocs UltraHum garantit une utilisation parfaitement hygi\u00e9nique et l&rsquo;ininflammabilit\u00e9.<\/li>\n<\/ul>\n","protected":false},"featured_media":9740,"comment_status":"open","ping_status":"closed","template":"","meta":[],"product_brand":[],"product_cat":[336,339,366,424,362,343],"product_tag":[],"class_list":{"0":"post-10123","1":"product","2":"type-product","3":"status-publish","4":"has-post-thumbnail","6":"product_cat-bureau","7":"product_cat-hospitaliere","8":"product_cat-humidificateurs-deshumidificateurs-2","9":"product_cat-humidificateurs-deshumidificateurs-3","10":"product_cat-humidificateurs-deshumidificateurs","11":"product_cat-industriel","12":"entry","14":"first","15":"instock","16":"shipping-taxable","17":"product-type-simple"},"_links":{"self":[{"href":"https:\/\/ultramare.com\/fr\/wp-json\/wp\/v2\/product\/10123","targetHints":{"allow":["GET"]}}],"collection":[{"href":"https:\/\/ultramare.com\/fr\/wp-json\/wp\/v2\/product"}],"about":[{"href":"https:\/\/ultramare.com\/fr\/wp-json\/wp\/v2\/types\/product"}],"replies":[{"embeddable":true,"href":"https:\/\/ultramare.com\/fr\/wp-json\/wp\/v2\/comments?post=10123"}],"version-history":[{"count":2,"href":"https:\/\/ultramare.com\/fr\/wp-json\/wp\/v2\/product\/10123\/revisions"}],"predecessor-version":[{"id":10633,"href":"https:\/\/ultramare.com\/fr\/wp-json\/wp\/v2\/product\/10123\/revisions\/10633"}],"wp:featuredmedia":[{"embeddable":true,"href":"https:\/\/ultramare.com\/fr\/wp-json\/wp\/v2\/media\/9740"}],"wp:attachment":[{"href":"https:\/\/ultramare.com\/fr\/wp-json\/wp\/v2\/media?parent=10123"}],"wp:term":[{"taxonomy":"product_brand","embeddable":true,"href":"https:\/\/ultramare.com\/fr\/wp-json\/wp\/v2\/product_brand?post=10123"},{"taxonomy":"product_cat","embeddable":true,"href":"https:\/\/ultramare.com\/fr\/wp-json\/wp\/v2\/product_cat?post=10123"},{"taxonomy":"product_tag","embeddable":true,"href":"https:\/\/ultramare.com\/fr\/wp-json\/wp\/v2\/product_tag?post=10123"}],"curies":[{"name":"wp","href":"https:\/\/api.w.org\/{rel}","templated":true}]}}