{"id":10113,"date":"2022-02-27T19:49:55","date_gmt":"2022-02-27T18:49:55","guid":{"rendered":"https:\/\/ultramare.com\/produkt\/eco-blue\/"},"modified":"2026-03-05T12:42:49","modified_gmt":"2026-03-05T11:42:49","slug":"eco-blue","status":"publish","type":"product","link":"https:\/\/ultramare.com\/fr\/produit\/eco-blue\/","title":{"rendered":"ECO BLUE"},"content":{"rendered":"<div class=\"elementor-icon-box-wrapper\">\n<div style=\"float:left;\" class=\"elementor-icon-box-icon\">\n\t\t<a href=\"https:\/\/ultramare.com\/wp-content\/uploads\/2026\/03\/ECOBLUE-FR.pdf\" class=\"elementor-icon elementor-animation-\" rel=\"noopener\"><br \/>\n                   <img decoding=\"async\" src=\"\/wp-content\/uploads\/2022\/06\/card-icon.png\" alt=\"carte\"><br \/>\n                <\/a>\n\t        <\/div>\n<div style=\"float:left;\" class=\"elementor-icon-box-content\">\n<h3 style=\"margin-left: 20px; margin-top: 10px\" class=\"elementor-icon-box-title\">\n\t\t    <a style=\"color: #0071ce; font-size:20px;  \" href=\"https:\/\/ultramare.com\/wp-content\/uploads\/2026\/03\/ECOBLUE-FR.pdf\" rel=\"noopener\"><br \/>\n  Voir la fiche produit<br \/>\n\t             <\/a><br \/>\n\t        <\/h3>\n<\/p><\/div>\n<\/div>\n","protected":false},"excerpt":{"rendered":"<ul>\n<li>100 % de fibres de polyester coll\u00e9es progressivement, thermocoll\u00e9es, fibres bleues du c\u00f4t\u00e9 de l&rsquo;entr\u00e9e d&rsquo;air<\/li>\n<li>l&rsquo;efficacit\u00e9 du mat\u00e9riel du d\u00e9but \u00e0 la fin<\/li>\n<li>la r\u00e9sistance m\u00e9canique \u00e9lev\u00e9e du mat\u00e9riau garantit la stabilit\u00e9 dimensionnelle pendant toute la dur\u00e9e de vie, m\u00eame \u00e0 des d\u00e9bits \u00e9lev\u00e9s<\/li>\n<\/ul>\n","protected":false},"featured_media":9851,"comment_status":"open","ping_status":"closed","template":"","meta":[],"product_brand":[],"product_cat":[337,343,342,340,338,372,383,386,364,365],"product_tag":[],"class_list":{"0":"post-10113","1":"product","2":"type-product","3":"status-publish","4":"has-post-thumbnail","6":"product_cat-electronique","7":"product_cat-industriel","8":"product_cat-automobile","9":"product_cat-peinture","10":"product_cat-restauration","11":"product_cat-tissus-de-filtration-synthetiques-non-tisses-3","12":"product_cat-tissus-de-filtration-synthetiques-non-tisses-4","13":"product_cat-tissus-de-filtration-synthetiques-non-tisses-5","14":"product_cat-tissus-de-filtration-synthetiques-non-tisses","15":"product_cat-tissus-de-filtration-synthetiques-non-tisses-2","16":"entry","18":"first","19":"instock","20":"shipping-taxable","21":"product-type-simple"},"_links":{"self":[{"href":"https:\/\/ultramare.com\/fr\/wp-json\/wp\/v2\/product\/10113","targetHints":{"allow":["GET"]}}],"collection":[{"href":"https:\/\/ultramare.com\/fr\/wp-json\/wp\/v2\/product"}],"about":[{"href":"https:\/\/ultramare.com\/fr\/wp-json\/wp\/v2\/types\/product"}],"replies":[{"embeddable":true,"href":"https:\/\/ultramare.com\/fr\/wp-json\/wp\/v2\/comments?post=10113"}],"version-history":[{"count":1,"href":"https:\/\/ultramare.com\/fr\/wp-json\/wp\/v2\/product\/10113\/revisions"}],"predecessor-version":[{"id":10593,"href":"https:\/\/ultramare.com\/fr\/wp-json\/wp\/v2\/product\/10113\/revisions\/10593"}],"wp:featuredmedia":[{"embeddable":true,"href":"https:\/\/ultramare.com\/fr\/wp-json\/wp\/v2\/media\/9851"}],"wp:attachment":[{"href":"https:\/\/ultramare.com\/fr\/wp-json\/wp\/v2\/media?parent=10113"}],"wp:term":[{"taxonomy":"product_brand","embeddable":true,"href":"https:\/\/ultramare.com\/fr\/wp-json\/wp\/v2\/product_brand?post=10113"},{"taxonomy":"product_cat","embeddable":true,"href":"https:\/\/ultramare.com\/fr\/wp-json\/wp\/v2\/product_cat?post=10113"},{"taxonomy":"product_tag","embeddable":true,"href":"https:\/\/ultramare.com\/fr\/wp-json\/wp\/v2\/product_tag?post=10113"}],"curies":[{"name":"wp","href":"https:\/\/api.w.org\/{rel}","templated":true}]}}