{"id":10110,"date":"2022-03-25T09:06:31","date_gmt":"2022-03-25T08:06:31","guid":{"rendered":"https:\/\/ultramare.com\/produkt\/ultraflo\/"},"modified":"2026-03-05T14:57:35","modified_gmt":"2026-03-05T13:57:35","slug":"ultraflo","status":"publish","type":"product","link":"https:\/\/ultramare.com\/fr\/produit\/ultraflo\/","title":{"rendered":"UltraFlo"},"content":{"rendered":"<div class=\"elementor-icon-box-wrapper\">\n<div class=\"elementor-icon-box-icon\" style=\"float: left;\"><a class=\"elementor-icon elementor-animation-\" href=\"https:\/\/ultramare.com\/wp-content\/uploads\/2026\/03\/ULTRAFLO-FR.pdf\" rel=\"noopener\"><br \/>\n<img decoding=\"async\" src=\"\/wp-content\/uploads\/2022\/06\/card-icon.png\" alt=\"carte\"><br \/>\n<\/a><\/div>\n<div class=\"elementor-icon-box-content\" style=\"float: left;\">\n<h3 class=\"elementor-icon-box-title\" style=\"margin-left: 20px; margin-top: 10px;\"><a style=\"color: #0071ce; font-size: 20px;\" href=\"https:\/\/ultramare.com\/wp-content\/uploads\/2026\/03\/ULTRAFLO-FR.pdf\" rel=\"noopener\"><br \/>\nVoir la fiche produit<br \/>\n<\/a><\/h3>\n<\/div>\n<\/div>\n","protected":false},"excerpt":{"rendered":"<div class=\"wrap mcb-wrap two-third valign-top clearfix\">\n<div class=\"mcb-wrap-inner\">\n<div class=\"column mcb-column three-fifth column_visual \">\n<div class=\"wrap mcb-wrap two-third valign-top clearfix\">\n<div class=\"mcb-wrap-inner\">\n<div class=\"column mcb-column three-fifth column_visual \">\n<div class=\"wrap mcb-wrap two-third valign-top clearfix\">\n<div class=\"mcb-wrap-inner\">\n<div class=\"column mcb-column three-fifth column_visual \">\n<div class=\"wrap mcb-wrap two-third valign-top clearfix\">\n<div class=\"mcb-wrap-inner\">\n<div class=\"column mcb-column three-fifth column_visual \"><\/div>\n<\/div>\n<\/div>\n<div class=\"wrap mcb-wrap one-third valign-top clearfix\">\n<div class=\"mcb-wrap-inner\">\n<div class=\"column mcb-column one column_visual \">\n<ul>\n<li>Voile synth\u00e9tique ou de verre pris en sandwich entre deux mailles et tiss\u00e9 de mani\u00e8re ondulatoire.<\/li>\n<li>Cet ensemble stable est ensuite coll\u00e9 dans un cadre en acier galvanis\u00e9 ou inoxydable.<\/li>\n<li>les filtres peuvent \u00eatre \u00e9quip\u00e9s en option d&rsquo;une bride de 25 mm d&rsquo;\u00e9paisseur et d&rsquo;une grille de protection du c\u00f4t\u00e9 de la sortie d&rsquo;air<\/li>\n<li>Les filtres UltraFlo sont fabriqu\u00e9s dans toutes les tailles, mais leur profondeur ne doit pas d\u00e9passer 300 mm.<\/li>\n<\/ul>\n<\/div>\n<\/div>\n<\/div>\n<\/div>\n<\/div>\n<\/div>\n<div class=\"wrap mcb-wrap one-third valign-top clearfix\">\n<div class=\"mcb-wrap-inner\"><\/div>\n<\/div>\n<\/div>\n<\/div>\n<\/div>\n<\/div>\n<\/div>\n<\/div>\n","protected":false},"featured_media":9918,"comment_status":"open","ping_status":"closed","template":"","meta":[],"product_brand":[],"product_cat":[336,337,426,427,404,435,414,379,416,381,339,343,342,341,340,338],"product_tag":[396],"class_list":{"0":"post-10110","1":"product","2":"type-product","3":"status-publish","4":"has-post-thumbnail","6":"product_cat-bureau","7":"product_cat-electronique","8":"product_cat-filtres-a-cartouche-6","9":"product_cat-filtres-a-cartouche-7","10":"product_cat-filtres-a-cartouche-3","11":"product_cat-filtres-a-cartouche","12":"product_cat-filtres-a-cartouche-4","14":"product_cat-filtres-a-cartouche-5","15":"product_cat-filtres-a-cartouche-2","16":"product_cat-hospitaliere","17":"product_cat-industriel","18":"product_cat-automobile","19":"product_cat-medical","20":"product_cat-peinture","21":"product_cat-restauration","22":"product_tag-cassette","23":"entry","25":"first","26":"instock","27":"shipping-taxable","28":"product-type-simple"},"_links":{"self":[{"href":"https:\/\/ultramare.com\/fr\/wp-json\/wp\/v2\/product\/10110","targetHints":{"allow":["GET"]}}],"collection":[{"href":"https:\/\/ultramare.com\/fr\/wp-json\/wp\/v2\/product"}],"about":[{"href":"https:\/\/ultramare.com\/fr\/wp-json\/wp\/v2\/types\/product"}],"replies":[{"embeddable":true,"href":"https:\/\/ultramare.com\/fr\/wp-json\/wp\/v2\/comments?post=10110"}],"version-history":[{"count":1,"href":"https:\/\/ultramare.com\/fr\/wp-json\/wp\/v2\/product\/10110\/revisions"}],"predecessor-version":[{"id":10630,"href":"https:\/\/ultramare.com\/fr\/wp-json\/wp\/v2\/product\/10110\/revisions\/10630"}],"wp:featuredmedia":[{"embeddable":true,"href":"https:\/\/ultramare.com\/fr\/wp-json\/wp\/v2\/media\/9918"}],"wp:attachment":[{"href":"https:\/\/ultramare.com\/fr\/wp-json\/wp\/v2\/media?parent=10110"}],"wp:term":[{"taxonomy":"product_brand","embeddable":true,"href":"https:\/\/ultramare.com\/fr\/wp-json\/wp\/v2\/product_brand?post=10110"},{"taxonomy":"product_cat","embeddable":true,"href":"https:\/\/ultramare.com\/fr\/wp-json\/wp\/v2\/product_cat?post=10110"},{"taxonomy":"product_tag","embeddable":true,"href":"https:\/\/ultramare.com\/fr\/wp-json\/wp\/v2\/product_tag?post=10110"}],"curies":[{"name":"wp","href":"https:\/\/api.w.org\/{rel}","templated":true}]}}