{"id":10104,"date":"2022-04-20T19:30:48","date_gmt":"2022-04-20T17:30:48","guid":{"rendered":"https:\/\/ultramare.com\/produkt\/ultrapac-2\/"},"modified":"2025-12-12T12:06:01","modified_gmt":"2025-12-12T11:06:01","slug":"ultrapac-2","status":"publish","type":"product","link":"https:\/\/ultramare.com\/fr\/produit\/ultrapac-2\/","title":{"rendered":"UltraPac"},"content":{"rendered":"<div class=\"elementor-icon-box-wrapper\">\n<div class=\"elementor-icon-box-icon\" style=\"float: left;\"><a class=\"elementor-icon elementor-animation-\" href=\"https:\/\/ultramare.com\/wp-content\/uploads\/2025\/07\/UltraMare_UltraPac_kas-1.pdf\" rel=\"noopener\"><br \/>\n<img decoding=\"async\" src=\"\/wp-content\/uploads\/2022\/06\/card-icon.png\" alt=\"carte\"><br \/>\n<\/a><\/div>\n<div class=\"elementor-icon-box-content\" style=\"float: left;\">\n<h3 class=\"elementor-icon-box-title\" style=\"margin-left: 20px; margin-top: 10px;\"><a style=\"color: #0071ce; font-size: 20px;\" href=\"https:\/\/ultramare.com\/wp-content\/uploads\/2025\/07\/UltraMare_UltraPac_kas-1.pdf\" rel=\"noopener\"><br \/>\nVoir la fiche produit<br \/>\n<\/a><\/h3>\n<\/div>\n<\/div>\n","protected":false},"excerpt":{"rendered":"<div class=\"wrap mcb-wrap two-third valign-top clearfix\">\n<div class=\"mcb-wrap-inner\">\n<div class=\"column mcb-column three-fifth column_visual \"><\/div>\n<\/div>\n<\/div>\n<div class=\"wrap mcb-wrap one-third valign-top clearfix\">\n<div class=\"mcb-wrap-inner\">\n<div class=\"column mcb-column one column_visual \">\n<ul>\n<li>cartouche en fibres de verre ou synth\u00e9tiques non tiss\u00e9es (100 % polypropyl\u00e8ne), form\u00e9e en paquets filtrants \u00e0 l&rsquo;aide de la technologie minipleat avec s\u00e9parateurs thermofusibles.<\/li>\n<\/ul>\n<div class=\"idea_box\"><\/div>\n<\/div>\n<\/div>\n<\/div>\n","protected":false},"featured_media":9928,"comment_status":"open","ping_status":"closed","template":"","meta":[],"product_brand":[],"product_cat":[336,337,426,379,427,381,404,435,414,416,339,343,342,341,340,338],"product_tag":[396,354,395,397,353,398],"class_list":{"0":"post-10104","1":"product","2":"type-product","3":"status-publish","4":"has-post-thumbnail","6":"product_cat-bureau","7":"product_cat-electronique","8":"product_cat-filtres-a-cartouche-6","9":"product_cat-filtres-a-cartouche","10":"product_cat-filtres-a-cartouche-7","11":"product_cat-filtres-a-cartouche-2","12":"product_cat-filtres-a-cartouche-3","14":"product_cat-filtres-a-cartouche-4","15":"product_cat-filtres-a-cartouche-5","16":"product_cat-hospitaliere","17":"product_cat-industriel","18":"product_cat-automobile","19":"product_cat-medical","20":"product_cat-peinture","21":"product_cat-restauration","22":"product_tag-cassette","23":"product_tag-cassette-minipleat","24":"product_tag-filtre-minipleat","25":"product_tag-filtre-a-panneaux","26":"product_tag-minipleat","27":"product_tag-panneau","28":"entry","30":"first","31":"instock","32":"shipping-taxable","33":"product-type-simple"},"_links":{"self":[{"href":"https:\/\/ultramare.com\/fr\/wp-json\/wp\/v2\/product\/10104","targetHints":{"allow":["GET"]}}],"collection":[{"href":"https:\/\/ultramare.com\/fr\/wp-json\/wp\/v2\/product"}],"about":[{"href":"https:\/\/ultramare.com\/fr\/wp-json\/wp\/v2\/types\/product"}],"replies":[{"embeddable":true,"href":"https:\/\/ultramare.com\/fr\/wp-json\/wp\/v2\/comments?post=10104"}],"version-history":[{"count":1,"href":"https:\/\/ultramare.com\/fr\/wp-json\/wp\/v2\/product\/10104\/revisions"}],"predecessor-version":[{"id":10105,"href":"https:\/\/ultramare.com\/fr\/wp-json\/wp\/v2\/product\/10104\/revisions\/10105"}],"wp:featuredmedia":[{"embeddable":true,"href":"https:\/\/ultramare.com\/fr\/wp-json\/wp\/v2\/media\/9928"}],"wp:attachment":[{"href":"https:\/\/ultramare.com\/fr\/wp-json\/wp\/v2\/media?parent=10104"}],"wp:term":[{"taxonomy":"product_brand","embeddable":true,"href":"https:\/\/ultramare.com\/fr\/wp-json\/wp\/v2\/product_brand?post=10104"},{"taxonomy":"product_cat","embeddable":true,"href":"https:\/\/ultramare.com\/fr\/wp-json\/wp\/v2\/product_cat?post=10104"},{"taxonomy":"product_tag","embeddable":true,"href":"https:\/\/ultramare.com\/fr\/wp-json\/wp\/v2\/product_tag?post=10104"}],"curies":[{"name":"wp","href":"https:\/\/api.w.org\/{rel}","templated":true}]}}