{"id":10102,"date":"2022-04-19T22:36:04","date_gmt":"2022-04-19T20:36:04","guid":{"rendered":"https:\/\/ultramare.com\/produkt\/ultrapac\/"},"modified":"2026-03-09T14:45:55","modified_gmt":"2026-03-09T13:45:55","slug":"ultrapac","status":"publish","type":"product","link":"https:\/\/ultramare.com\/fr\/produit\/ultrapac\/","title":{"rendered":"UltraPac"},"content":{"rendered":"<div class=\"elementor-icon-box-wrapper\">\n<div class=\"elementor-icon-box-icon\" style=\"float: left;\"><a class=\"elementor-icon elementor-animation-\" href=\"https:\/\/ultramare.com\/wp-content\/uploads\/2026\/03\/ULTRAPAC-METAL-FR.pdf\" rel=\"noopener\"><br \/>\n<img decoding=\"async\" src=\"\/wp-content\/uploads\/2022\/06\/card-icon.png\" alt=\"carte\"><br \/>\n<\/a><\/div>\n<div class=\"elementor-icon-box-content\" style=\"float: left;\">\n<h3 class=\"elementor-icon-box-title\" style=\"margin-left: 20px; margin-top: 10px;\"><a style=\"color: #0071ce; font-size: 20px;\" href=\"https:\/\/ultramare.com\/wp-content\/uploads\/2026\/03\/ULTRAPAC-METAL-FR.pdf\" rel=\"noopener\"><br \/>\nVoir la fiche produit<br \/>\n<\/a><\/h3>\n<\/div>\n<\/div>\n","protected":false},"excerpt":{"rendered":"<div class=\"wrap mcb-wrap two-third valign-top clearfix\">\n<div class=\"mcb-wrap-inner\">\n<div class=\"column mcb-column three-fifth column_visual \"><\/div>\n<\/div>\n<\/div>\n<div class=\"wrap mcb-wrap one-third valign-top clearfix\">\n<div class=\"mcb-wrap-inner\">\n<div class=\"column mcb-column one column_visual \">\n<ul>\n<li>cartouche en fibres de verre ou synth\u00e9tiques non tiss\u00e9es (100 % polypropyl\u00e8ne), form\u00e9e en paquets filtrants \u00e0 l&rsquo;aide de la technologie minipleat avec s\u00e9parateurs thermofusibles.<\/li>\n<\/ul>\n<div class=\"idea_box\"><\/div>\n<\/div>\n<\/div>\n<\/div>\n","protected":false},"featured_media":9885,"comment_status":"open","ping_status":"closed","template":"","meta":[],"product_brand":[],"product_cat":[394,343],"product_tag":[396,354,395,397,353,398],"class_list":{"0":"post-10102","1":"product","2":"type-product","3":"status-publish","4":"has-post-thumbnail","6":"product_cat-filtres-minipleat","7":"product_cat-industriel","8":"product_tag-cassette","9":"product_tag-cassette-minipleat","10":"product_tag-filtre-minipleat","11":"product_tag-filtre-a-panneaux","12":"product_tag-minipleat","13":"product_tag-panneau","14":"entry","16":"first","17":"instock","18":"shipping-taxable","19":"product-type-simple"},"_links":{"self":[{"href":"https:\/\/ultramare.com\/fr\/wp-json\/wp\/v2\/product\/10102","targetHints":{"allow":["GET"]}}],"collection":[{"href":"https:\/\/ultramare.com\/fr\/wp-json\/wp\/v2\/product"}],"about":[{"href":"https:\/\/ultramare.com\/fr\/wp-json\/wp\/v2\/types\/product"}],"replies":[{"embeddable":true,"href":"https:\/\/ultramare.com\/fr\/wp-json\/wp\/v2\/comments?post=10102"}],"version-history":[{"count":1,"href":"https:\/\/ultramare.com\/fr\/wp-json\/wp\/v2\/product\/10102\/revisions"}],"predecessor-version":[{"id":10657,"href":"https:\/\/ultramare.com\/fr\/wp-json\/wp\/v2\/product\/10102\/revisions\/10657"}],"wp:featuredmedia":[{"embeddable":true,"href":"https:\/\/ultramare.com\/fr\/wp-json\/wp\/v2\/media\/9885"}],"wp:attachment":[{"href":"https:\/\/ultramare.com\/fr\/wp-json\/wp\/v2\/media?parent=10102"}],"wp:term":[{"taxonomy":"product_brand","embeddable":true,"href":"https:\/\/ultramare.com\/fr\/wp-json\/wp\/v2\/product_brand?post=10102"},{"taxonomy":"product_cat","embeddable":true,"href":"https:\/\/ultramare.com\/fr\/wp-json\/wp\/v2\/product_cat?post=10102"},{"taxonomy":"product_tag","embeddable":true,"href":"https:\/\/ultramare.com\/fr\/wp-json\/wp\/v2\/product_tag?post=10102"}],"curies":[{"name":"wp","href":"https:\/\/api.w.org\/{rel}","templated":true}]}}