{"id":10101,"date":"2023-01-17T15:03:10","date_gmt":"2023-01-17T14:03:10","guid":{"rendered":"https:\/\/ultramare.com\/produkt\/collecteur-de-brouillard\/"},"modified":"2026-03-05T12:55:42","modified_gmt":"2026-03-05T11:55:42","slug":"collecteur-de-brouillard","status":"publish","type":"product","link":"https:\/\/ultramare.com\/fr\/produit\/collecteur-de-brouillard\/","title":{"rendered":"Collecteur de brouillard"},"content":{"rendered":"<div class=\"elementor-icon-box-wrapper\">\n<div class=\"elementor-icon-box-icon\" style=\"float: left;\"><a class=\"elementor-icon elementor-animation-\" href=\"\/wp-content\/uploads\/2022\/02\/UltraMare_ZKF.pdf\" rel=\"noopener\"><\/p>\n<p><\/a><a class=\"elementor-icon elementor-animation-\" href=\"https:\/\/ultramare.com\/wp-content\/uploads\/2026\/03\/MISTCOLLECTOR-FR.pdf\" rel=\"noopener\"><img loading=\"lazy\" decoding=\"async\" class=\"alignnone\" src=\"\/wp-content\/uploads\/2022\/06\/card-icon.png\" alt=\"carte\" width=\"122\" height=\"127\"><\/a><\/div>\n<div class=\"elementor-icon-box-content\" style=\"float: left;\">\n<h3 class=\"elementor-icon-box-title\" style=\"margin-left: 20px; margin-top: 10px;\"><a style=\"color: #0071ce; font-size: 20px;\" href=\"https:\/\/ultramare.com\/wp-content\/uploads\/2026\/03\/MISTCOLLECTOR-FR.pdf\" rel=\"noopener\"><br \/>\nVoir la fiche produit<br \/>\n<\/a><\/h3>\n<\/div>\n<\/div>\n","protected":false},"excerpt":{"rendered":"<ul>\n<li>Non-tiss\u00e9 coalescent, 100 % de fibres de verre \u00e9l\u00e9mentaires avec une densit\u00e9 progressivement croissante et un c\u00f4t\u00e9 de sortie d&rsquo;air lamin\u00e9.<\/li>\n<li>Impr\u00e9gn\u00e9 d&rsquo;un agent sp\u00e9cial qui augmente consid\u00e9rablement sa capacit\u00e9 \u00e0 absorber l&rsquo;humidit\u00e9 de l&rsquo;air ambiant.<\/li>\n<li>Il a une capacit\u00e9 de r\u00e9tention d&rsquo;humidit\u00e9 tr\u00e8s \u00e9lev\u00e9e et une r\u00e9sistance \u00e0 l&rsquo;air minimale.<\/li>\n<\/ul>\n","protected":false},"featured_media":9866,"comment_status":"open","ping_status":"closed","template":"","meta":[],"product_brand":[],"product_cat":[337,343,342,340,338,376,387,420,363,369],"product_tag":[],"class_list":{"0":"post-10101","1":"product","2":"type-product","3":"status-publish","4":"has-post-thumbnail","6":"product_cat-electronique","7":"product_cat-industriel","8":"product_cat-automobile","9":"product_cat-peinture","10":"product_cat-restauration","11":"product_cat-tissus-de-filtration-en-verre-3","12":"product_cat-tissus-de-filtration-en-verre-4","13":"product_cat-tissus-de-filtration-en-verre-5","14":"product_cat-tissus-de-filtration-en-verre","15":"product_cat-tissus-de-filtration-en-verre-2","16":"entry","18":"first","19":"instock","20":"shipping-taxable","21":"product-type-simple"},"_links":{"self":[{"href":"https:\/\/ultramare.com\/fr\/wp-json\/wp\/v2\/product\/10101","targetHints":{"allow":["GET"]}}],"collection":[{"href":"https:\/\/ultramare.com\/fr\/wp-json\/wp\/v2\/product"}],"about":[{"href":"https:\/\/ultramare.com\/fr\/wp-json\/wp\/v2\/types\/product"}],"replies":[{"embeddable":true,"href":"https:\/\/ultramare.com\/fr\/wp-json\/wp\/v2\/comments?post=10101"}],"version-history":[{"count":1,"href":"https:\/\/ultramare.com\/fr\/wp-json\/wp\/v2\/product\/10101\/revisions"}],"predecessor-version":[{"id":10599,"href":"https:\/\/ultramare.com\/fr\/wp-json\/wp\/v2\/product\/10101\/revisions\/10599"}],"wp:featuredmedia":[{"embeddable":true,"href":"https:\/\/ultramare.com\/fr\/wp-json\/wp\/v2\/media\/9866"}],"wp:attachment":[{"href":"https:\/\/ultramare.com\/fr\/wp-json\/wp\/v2\/media?parent=10101"}],"wp:term":[{"taxonomy":"product_brand","embeddable":true,"href":"https:\/\/ultramare.com\/fr\/wp-json\/wp\/v2\/product_brand?post=10101"},{"taxonomy":"product_cat","embeddable":true,"href":"https:\/\/ultramare.com\/fr\/wp-json\/wp\/v2\/product_cat?post=10101"},{"taxonomy":"product_tag","embeddable":true,"href":"https:\/\/ultramare.com\/fr\/wp-json\/wp\/v2\/product_tag?post=10101"}],"curies":[{"name":"wp","href":"https:\/\/api.w.org\/{rel}","templated":true}]}}